{"id":2907,"date":"2023-10-09T11:08:41","date_gmt":"2023-10-09T11:08:41","guid":{"rendered":"https:\/\/themeholy.com\/wordpress\/konta\/?page_id=2907"},"modified":"2024-07-15T06:52:53","modified_gmt":"2024-07-15T06:52:53","slug":"projects","status":"publish","type":"page","link":"https:\/\/app.ekfgazconnect.com\/index.php\/projects\/","title":{"rendered":"Projects"},"content":{"rendered":"\t\t<div data-elementor-type=\"wp-page\" data-elementor-id=\"2907\" class=\"elementor elementor-2907\">\n\t\t\t\t\t\t<section class=\"elementor-section elementor-top-section elementor-element elementor-element-1268374 elementor-section-full_width elementor-section-height-default elementor-section-height-default\" data-id=\"1268374\" data-element_type=\"section\" data-settings=\"{&quot;background_background&quot;:&quot;classic&quot;}\">\n\t\t\t\t\t\t<div class=\"elementor-container elementor-column-gap-no\">\n\t\t\t\t\t<div class=\"elementor-column elementor-col-100 elementor-top-column elementor-element elementor-element-e025658\" data-id=\"e025658\" data-element_type=\"column\">\n\t\t\t<div class=\"elementor-widget-wrap elementor-element-populated\">\n\t\t\t\t\t\t<section class=\"elementor-section elementor-inner-section elementor-element elementor-element-ccd5a5d elementor-section-boxed elementor-section-height-default elementor-section-height-default\" data-id=\"ccd5a5d\" data-element_type=\"section\">\n\t\t\t\t\t\t<div class=\"elementor-container elementor-column-gap-no\">\n\t\t\t\t\t<div class=\"elementor-column elementor-col-100 elementor-inner-column elementor-element elementor-element-328a26e\" data-id=\"328a26e\" data-element_type=\"column\">\n\t\t\t<div class=\"elementor-widget-wrap elementor-element-populated\">\n\t\t\t\t\r\n\t\t<div class=\"elementor-element elementor-element-7fa9e70 elementor-widget elementor-widget-kontaproject\" data-id=\"7fa9e70\" data-element_type=\"widget\" data-widget_type=\"kontaproject.default\">\n\t\t\t\t<div class=\"elementor-widget-container\">\n\t\t\t<div class=\"row gy-4\"><div class=\"col-xl-4 col-md-6\"><div class=\"project-card style1-1\"><div class=\"project-card-img\"><img decoding=\"async\" src=\"https:\/\/app.ekfgazconnect.com\/wp-content\/uploads\/2024\/05\/Leaders-City-I-390-257.png\" alt=\"Leaders City I 390 257\"  \/><\/div><div class=\"project-card-details\" data-bg-src=\"https:\/\/themeholy.com\/wordpress\/konta\/wp-content\/uploads\/2023\/09\/project-card-bg.png\"><h4 class=\"box-title title-selector\"><a href=\"https:\/\/app.ekfgazconnect.com\/index.php\/leaders-city-i\/\">Leaders City I<\/a><\/h4><p class=\"project-card-content desc-selector\">Un complexe r\u00e9sidentiel remarquable propose une diversit\u00e9 de logements, allant des \u00e9l\u00e9gantes villas basses aux duplex \u00e9conomiques et aux luxueuses r\u00e9sidences haut de gamme.<\/p><a href=\"https:\/\/app.ekfgazconnect.com\/index.php\/leaders-city-i\/\" class=\"th-btn style9\" tabindex=\"-1\">Voir plus <i class=\"fas fa-arrow-right ms-1\"><\/i><\/a><\/div><\/div><\/div><div class=\"col-xl-4 col-md-6\"><div class=\"project-card style1-1\"><div class=\"project-card-img\"><img decoding=\"async\" src=\"https:\/\/app.ekfgazconnect.com\/wp-content\/uploads\/2024\/05\/Leaders-City-II-390-257.jpg\" alt=\"Leaders City II 390 257\"  \/><\/div><div class=\"project-card-details\" data-bg-src=\"https:\/\/themeholy.com\/wordpress\/konta\/wp-content\/uploads\/2023\/09\/project-card-bg.png\"><h4 class=\"box-title title-selector\"><a href=\"https:\/\/app.ekfgazconnect.com\/index.php\/leaders-city-ii\/\">Leaders City II<\/a><\/h4><p class=\"project-card-content desc-selector\">Un projet immobilier nich\u00e9 dans la cit\u00e9 baln\u00e9aire de Jaqueville offre une exp\u00e9rience r\u00e9sidentielle \u00e0 moins de 10 minutes de la mer et du centre-ville <\/p><a href=\"https:\/\/app.ekfgazconnect.com\/index.php\/leaders-city-ii\/\" class=\"th-btn style9\" tabindex=\"-1\">Voir plus <i class=\"fas fa-arrow-right ms-1\"><\/i><\/a><\/div><\/div><\/div><div class=\"col-xl-4 col-md-6\"><div class=\"project-card style1-1\"><div class=\"project-card-img\"><img decoding=\"async\" src=\"https:\/\/app.ekfgazconnect.com\/wp-content\/uploads\/2024\/05\/Leaders-City-II-390-257.jpg\" alt=\"Leaders City II 390 257\"  \/><\/div><div class=\"project-card-details\" data-bg-src=\"https:\/\/themeholy.com\/wordpress\/konta\/wp-content\/uploads\/2023\/09\/project-card-bg.png\"><h4 class=\"box-title title-selector\"><a href=\"https:\/\/app.ekfgazconnect.com\/index.php\/leaders-city-ii-nestle\/\">Leaders City II - Nestl\u00e9<\/a><\/h4><p class=\"project-card-content desc-selector\">Un projet immobilier nich\u00e9 dans la cit\u00e9 baln\u00e9aire de Jaqueville offre une exp\u00e9rience r\u00e9sidentielle \u00e0 moins de 10 minutes de la mer et du centre-ville <\/p><a href=\"https:\/\/app.ekfgazconnect.com\/index.php\/leaders-city-ii-nestle\/\" class=\"th-btn style9\" tabindex=\"-1\">Read More <i class=\"fas fa-arrow-right ms-1\"><\/i><\/a><\/div><\/div><\/div><div class=\"col-xl-4 col-md-6\"><div class=\"project-card style1-1\"><div class=\"project-card-img\"><img decoding=\"async\" src=\"https:\/\/app.ekfgazconnect.com\/wp-content\/uploads\/2024\/05\/Leaders-City-III-390-257.jpeg\" alt=\"Leaders City III 390 257\"  \/><\/div><div class=\"project-card-details\" data-bg-src=\"https:\/\/themeholy.com\/wordpress\/konta\/wp-content\/uploads\/2023\/09\/project-card-bg.png\"><h4 class=\"box-title title-selector\"><a href=\"https:\/\/app.ekfgazconnect.com\/index.php\/leaders-city-iii\/\">Leaders City III<\/a><\/h4><p class=\"project-card-content desc-selector\">Une collection exclusive de 10 villas duplex de haut standing, bas\u00e9e dans le quartier pris\u00e9 de Djorogobit\u00e9 \u00e0 Cocody, au c\u0153ur d&#039;Abidjan<\/p><a href=\"https:\/\/app.ekfgazconnect.com\/index.php\/leaders-city-iii\/\" class=\"th-btn style9\" tabindex=\"-1\">Voir plus <i class=\"fas fa-arrow-right ms-1\"><\/i><\/a><\/div><\/div><\/div><div class=\"col-xl-4 col-md-6\"><div class=\"project-card style1-1\"><div class=\"project-card-img\"><img decoding=\"async\" src=\"https:\/\/app.ekfgazconnect.com\/wp-content\/uploads\/2024\/05\/Leaders-City-I-Banner-390-257-1.jpg\" alt=\"Leaders City I Banner 390 257 1\"  \/><\/div><div class=\"project-card-details\" data-bg-src=\"https:\/\/themeholy.com\/wordpress\/konta\/wp-content\/uploads\/2023\/09\/project-card-bg.png\"><h4 class=\"box-title title-selector\"><a href=\"https:\/\/app.ekfgazconnect.com\/index.php\/leaders-city-iv\/\">Leaders City IV<\/a><\/h4><p class=\"project-card-content desc-selector\">Interior design is the art and science of enhancing the interior spaces of a building to achieve a healthier<\/p><a href=\"https:\/\/app.ekfgazconnect.com\/index.php\/leaders-city-iv\/\" class=\"th-btn style9\" tabindex=\"-1\">Voir plus <i class=\"fas fa-arrow-right ms-1\"><\/i><\/a><\/div><\/div><\/div><\/div>\t\t<\/div>\n\t\t\t\t<\/div>\n\t\t\t\t\t<\/div>\n\t\t<\/div>\n\t\t\t\t\t<\/div>\n\t\t<\/section>\n\t\t\t\t\t<\/div>\n\t\t<\/div>\n\t\t\t\t\t<\/div>\n\t\t<\/section>\n\t\t\t\t<\/div>\n\t\t","protected":false},"excerpt":{"rendered":"<p>Leaders City I Un complexe r\u00e9sidentiel remarquable propose une diversit\u00e9 de logements, allant des \u00e9l\u00e9gantes villas basses aux duplex \u00e9conomiques et aux luxueuses r\u00e9sidences haut de gamme. Voir plus Leaders City II Un projet immobilier nich\u00e9 dans la cit\u00e9 baln\u00e9aire de Jaqueville offre une exp\u00e9rience r\u00e9sidentielle \u00e0 moins de 10 minutes de la mer et&#8230;<\/p>\n","protected":false},"author":1,"featured_media":0,"parent":0,"menu_order":0,"comment_status":"closed","ping_status":"closed","template":"template-builder.php","meta":{"_monsterinsights_skip_tracking":false,"_monsterinsights_sitenote_active":false,"_monsterinsights_sitenote_note":"","_monsterinsights_sitenote_category":0,"footnotes":""},"class_list":["post-2907","page","type-page","status-publish","hentry"],"aioseo_notices":[],"_links":{"self":[{"href":"https:\/\/app.ekfgazconnect.com\/index.php\/wp-json\/wp\/v2\/pages\/2907","targetHints":{"allow":["GET"]}}],"collection":[{"href":"https:\/\/app.ekfgazconnect.com\/index.php\/wp-json\/wp\/v2\/pages"}],"about":[{"href":"https:\/\/app.ekfgazconnect.com\/index.php\/wp-json\/wp\/v2\/types\/page"}],"author":[{"embeddable":true,"href":"https:\/\/app.ekfgazconnect.com\/index.php\/wp-json\/wp\/v2\/users\/1"}],"replies":[{"embeddable":true,"href":"https:\/\/app.ekfgazconnect.com\/index.php\/wp-json\/wp\/v2\/comments?post=2907"}],"version-history":[{"count":64,"href":"https:\/\/app.ekfgazconnect.com\/index.php\/wp-json\/wp\/v2\/pages\/2907\/revisions"}],"predecessor-version":[{"id":7065,"href":"https:\/\/app.ekfgazconnect.com\/index.php\/wp-json\/wp\/v2\/pages\/2907\/revisions\/7065"}],"wp:attachment":[{"href":"https:\/\/app.ekfgazconnect.com\/index.php\/wp-json\/wp\/v2\/media?parent=2907"}],"curies":[{"name":"wp","href":"https:\/\/api.w.org\/{rel}","templated":true}]}}