{"id":3037,"date":"2023-10-09T15:42:09","date_gmt":"2023-10-09T15:42:09","guid":{"rendered":"https:\/\/themeholy.com\/wordpress\/konta\/?page_id=3037"},"modified":"2024-05-20T23:42:13","modified_gmt":"2024-05-20T23:42:13","slug":"contact","status":"publish","type":"page","link":"https:\/\/app.ekfgazconnect.com\/index.php\/contact\/","title":{"rendered":"Contact"},"content":{"rendered":"\t\t<div data-elementor-type=\"wp-page\" data-elementor-id=\"3037\" class=\"elementor elementor-3037\">\n\t\t\t\t\t\t<section class=\"elementor-section elementor-top-section elementor-element elementor-element-3924e3b elementor-section-full_width elementor-section-height-default elementor-section-height-default\" data-id=\"3924e3b\" data-element_type=\"section\">\n\t\t\t\t\t\t<div class=\"elementor-container elementor-column-gap-no\">\n\t\t\t\t\t<div class=\"elementor-column elementor-col-100 elementor-top-column elementor-element elementor-element-24e7f52\" data-id=\"24e7f52\" data-element_type=\"column\">\n\t\t\t<div class=\"elementor-widget-wrap elementor-element-populated\">\n\t\t\t\t\t\t<section class=\"elementor-section elementor-inner-section elementor-element elementor-element-c7f38fa elementor-section-boxed elementor-section-height-default elementor-section-height-default\" data-id=\"c7f38fa\" data-element_type=\"section\">\n\t\t\t\t\t\t<div class=\"elementor-container elementor-column-gap-no\">\n\t\t\t\t\t<div class=\"elementor-column elementor-col-100 elementor-inner-column elementor-element elementor-element-7faaaf0\" data-id=\"7faaaf0\" data-element_type=\"column\">\n\t\t\t<div class=\"elementor-widget-wrap elementor-element-populated\">\n\t\t\t\t\r\n\t\t<div class=\"elementor-element elementor-element-9a59e01 elementor-widget elementor-widget-text-editor\" data-id=\"9a59e01\" data-element_type=\"widget\" data-widget_type=\"text-editor.default\">\n\t\t\t\t<div class=\"elementor-widget-container\">\n\t\t\t<style>\/*! elementor - v3.21.0 - 30-04-2024 *\/\n.elementor-widget-text-editor.elementor-drop-cap-view-stacked .elementor-drop-cap{background-color:#69727d;color:#fff}.elementor-widget-text-editor.elementor-drop-cap-view-framed .elementor-drop-cap{color:#69727d;border:3px solid;background-color:transparent}.elementor-widget-text-editor:not(.elementor-drop-cap-view-default) .elementor-drop-cap{margin-top:8px}.elementor-widget-text-editor:not(.elementor-drop-cap-view-default) .elementor-drop-cap-letter{width:1em;height:1em}.elementor-widget-text-editor .elementor-drop-cap{float:left;text-align:center;line-height:1;font-size:50px}.elementor-widget-text-editor .elementor-drop-cap-letter{display:inline-block}<\/style>\t\t\t\t<div class=\"title-area text-center\"><h2 class=\"sec-title\">Nos Coordonn\u00e9es<\/h2><\/div>\t\t\t\t\t\t<\/div>\n\t\t\t\t<\/div>\n\t\t\t\t<div class=\"elementor-element elementor-element-cf3e58b elementor-widget elementor-widget-kontacontactinfov2\" data-id=\"cf3e58b\" data-element_type=\"widget\" data-widget_type=\"kontacontactinfov2.default\">\n\t\t\t\t<div class=\"elementor-widget-container\">\n\t\t\t<div class=\"row gy-4 justify-content-center\"><div class=\"col-xl-4 col-lg-6\"><div class=\"contact-feature\"><div class=\"contact-feature-icon\"><i class=\"fal fa-location-dot\"><\/i><\/div><div class=\"media-body\"><p class=\"contact-feature_label\">Adresse<\/p><span class=\"contact-info_text\">2 Plateaux Derri\u00e8re SOCOCE Villa 94<\/span><\/div><\/div><\/div><div class=\"col-xl-4 col-lg-6\"><div class=\"contact-feature\"><div class=\"contact-feature-icon\"><i class=\"fal fa-phone\"><\/i><\/div><div class=\"media-body\"><p class=\"contact-feature_label\">Contact<\/p><a href=\"tel:+2252722416144\" class=\"contact-feature_link\">Mobile: +225 2722416144<\/a><a href=\"mailto:services@cislo.ci\" class=\"contact-feature_link\">Email: services@cislo.ci<\/a><\/div><\/div><\/div><div class=\"col-xl-4 col-lg-6\"><div class=\"contact-feature\"><div class=\"contact-feature-icon\"><i class=\"fal fa-clock\"><\/i><\/div><div class=\"media-body\"><p class=\"contact-feature_label\">Horaires d&#039;ouverture<\/p><span class=\"contact-feature_link\">Lundi - Vendredi : 8:00 - 17:30<\/span>\n                            <span class=\"contact-feature_link\">Samedi : 8:00 - 12:30<\/span><\/div><\/div><\/div><\/div>\t\t<\/div>\n\t\t\t\t<\/div>\n\t\t\t\t\t<\/div>\n\t\t<\/div>\n\t\t\t\t\t<\/div>\n\t\t<\/section>\n\t\t\t\t\t<\/div>\n\t\t<\/div>\n\t\t\t\t\t<\/div>\n\t\t<\/section>\n\t\t\t\t<section class=\"elementor-section elementor-top-section elementor-element elementor-element-a37de8e elementor-section-full_width elementor-section-height-default elementor-section-height-default\" data-id=\"a37de8e\" data-element_type=\"section\">\n\t\t\t\t\t\t<div class=\"elementor-container elementor-column-gap-no\">\n\t\t\t\t\t<div class=\"elementor-column elementor-col-100 elementor-top-column elementor-element elementor-element-3ffebe0\" data-id=\"3ffebe0\" data-element_type=\"column\">\n\t\t\t<div class=\"elementor-widget-wrap elementor-element-populated\">\n\t\t\t\t\t\t<section class=\"elementor-section elementor-inner-section elementor-element elementor-element-0a7d486 elementor-section-boxed elementor-section-height-default elementor-section-height-default\" data-id=\"0a7d486\" data-element_type=\"section\">\n\t\t\t\t\t\t<div class=\"elementor-container elementor-column-gap-no\">\n\t\t\t\t\t<div class=\"elementor-column elementor-col-100 elementor-inner-column elementor-element elementor-element-5393122\" data-id=\"5393122\" data-element_type=\"column\">\n\t\t\t<div class=\"elementor-widget-wrap elementor-element-populated\">\n\t\t\t\t\t\t<div class=\"elementor-element elementor-element-347b02e contact-wrap2 elementor-widget elementor-widget-kontacontactform\" data-id=\"347b02e\" data-element_type=\"widget\" data-widget_type=\"kontacontactform.default\">\n\t\t\t\t<div class=\"elementor-widget-container\">\n\t\t\t<div class=\"wcu-contact-wrap bg-white\"><div class=\"contact-form-wrap\"><h2 class=\"title h4 text-center\">Prendre contact avec nous<\/h2><div class=\"contact-form\">\n<div class=\"wpcf7 no-js\" id=\"wpcf7-f1176-o1\" lang=\"en-US\" dir=\"ltr\">\n<div class=\"screen-reader-response\"><p role=\"status\" aria-live=\"polite\" aria-atomic=\"true\"><\/p> <ul><\/ul><\/div>\n<form action=\"\/index.php\/wp-json\/wp\/v2\/pages\/3037#wpcf7-f1176-o1\" method=\"post\" class=\"wpcf7-form init\" aria-label=\"Contact form\" novalidate=\"novalidate\" data-status=\"init\">\n<div style=\"display: none;\">\n<input type=\"hidden\" name=\"_wpcf7\" value=\"1176\" \/>\n<input type=\"hidden\" name=\"_wpcf7_version\" value=\"5.9.3\" \/>\n<input type=\"hidden\" name=\"_wpcf7_locale\" value=\"en_US\" \/>\n<input type=\"hidden\" name=\"_wpcf7_unit_tag\" value=\"wpcf7-f1176-o1\" \/>\n<input type=\"hidden\" name=\"_wpcf7_container_post\" value=\"0\" \/>\n<input type=\"hidden\" name=\"_wpcf7_posted_data_hash\" value=\"\" \/>\n<\/div>\n<div class=\"contact-form\">\n    <div class=\"row\">\n        <div class=\"col-md-6\">\n            <div class=\"form-group\">\n                <span class=\"wpcf7-form-control-wrap\" data-name=\"text-898\"><input size=\"40\" class=\"wpcf7-form-control wpcf7-text wpcf7-validates-as-required form-control\" id=\"text-898\" aria-required=\"true\" aria-invalid=\"false\" placeholder=\"Nom et pr\u00e9nom*\" value=\"\" type=\"text\" name=\"text-898\" \/><\/span><i class=\"fal fa-user\"><\/i>\n            <\/div>\n        <\/div>\n        <div class=\"col-md-6\">\n            <div class=\"form-group\">\n                <span class=\"wpcf7-form-control-wrap\" data-name=\"email-432\"><input size=\"40\" class=\"wpcf7-form-control wpcf7-email wpcf7-validates-as-required wpcf7-text wpcf7-validates-as-email form-control\" id=\"email-432\" aria-required=\"true\" aria-invalid=\"false\" placeholder=\"Adresse E-mail*\" value=\"\" type=\"email\" name=\"email-432\" \/><\/span><i class=\"fal fa-envelope\"><\/i>\n            <\/div>\n        <\/div>\n        <div class=\"col-md-6\">\n            <div class=\"form-group\">\n                <span class=\"wpcf7-form-control-wrap\" data-name=\"menu-80\"><select class=\"wpcf7-form-control wpcf7-select nice-select form-select\" id=\"menu-80\" aria-invalid=\"false\" name=\"menu-80\"><option value=\"Leaders City I\">Leaders City I<\/option><option value=\"Leaders City II\">Leaders City II<\/option><option value=\"Leaders City III\">Leaders City III<\/option><option value=\"Leaders City IV\">Leaders City IV<\/option><\/select><\/span>\n            <\/div>\n        <\/div>\n        <div class=\"col-md-6\">\n            <div class=\"form-group\">\n                <span class=\"wpcf7-form-control-wrap\" data-name=\"tel-602\"><input size=\"40\" class=\"wpcf7-form-control wpcf7-tel wpcf7-validates-as-required wpcf7-text wpcf7-validates-as-tel form-control\" id=\"tel-602\" aria-required=\"true\" aria-invalid=\"false\" value=\"Num\u00e9ro de T\u00e9l\u00e9phone*\" type=\"tel\" name=\"tel-602\" \/><\/span><i class=\"fal fa-phone\"><\/i>\n            <\/div>\n        <\/div>\n        <div class=\"col-12\">\n            <div class=\"form-group \">\n                <span class=\"wpcf7-form-control-wrap\" data-name=\"textarea-922\"><textarea cols=\"40\" rows=\"10\" class=\"wpcf7-form-control wpcf7-textarea wpcf7-validates-as-required form-control\" id=\"textarea-922\" aria-required=\"true\" aria-invalid=\"false\" placeholder=\"Votre Message*\" name=\"textarea-922\"><\/textarea><\/span><i class=\"fal fa-pen\"><\/i>\n            <\/div>\n        <\/div>\n        <div class=\"form-btn col-12\">\n            <button class=\"th-btn w-100 wpcf7\">Envoyez<i class=\"fas fa-long-arrow-right ms-2\"><\/i><\/button>\n        <\/div>\n    <\/div>\n    <p class=\"form-messages mb-0 mt-3\"><\/p>\n<\/div><div class=\"wpcf7-response-output\" aria-hidden=\"true\"><\/div>\n<\/form>\n<\/div>\n<\/div><\/div><\/div>\t\t<\/div>\n\t\t\t\t<\/div>\n\t\t\t\t\t<\/div>\n\t\t<\/div>\n\t\t\t\t\t<\/div>\n\t\t<\/section>\n\t\t\t\t\t<\/div>\n\t\t<\/div>\n\t\t\t\t\t<\/div>\n\t\t<\/section>\n\t\t\t\t<section class=\"elementor-section elementor-top-section elementor-element elementor-element-26113b2 elementor-section-full_width elementor-section-height-default elementor-section-height-default\" data-id=\"26113b2\" data-element_type=\"section\">\n\t\t\t\t\t\t<div class=\"elementor-container elementor-column-gap-no\">\n\t\t\t\t\t<div class=\"elementor-column elementor-col-100 elementor-top-column elementor-element elementor-element-70ebc13\" data-id=\"70ebc13\" data-element_type=\"column\">\n\t\t\t<div class=\"elementor-widget-wrap elementor-element-populated\">\n\t\t\t\t\t\t<div class=\"elementor-element elementor-element-c4d41e6 elementor-widget elementor-widget-google_maps\" data-id=\"c4d41e6\" data-element_type=\"widget\" data-widget_type=\"google_maps.default\">\n\t\t\t\t<div class=\"elementor-widget-container\">\n\t\t\t<style>\/*! elementor - v3.21.0 - 30-04-2024 *\/\n.elementor-widget-google_maps .elementor-widget-container{overflow:hidden}.elementor-widget-google_maps .elementor-custom-embed{line-height:0}.elementor-widget-google_maps iframe{height:300px}<\/style>\t\t<div class=\"elementor-custom-embed\">\n\t\t\t<iframe loading=\"lazy\"\n\t\t\t\t\tsrc=\"https:\/\/maps.google.com\/maps?q=London%20Eye%2C%20London%2C%20United%20Kingdom&#038;t=m&#038;z=10&#038;output=embed&#038;iwloc=near\"\n\t\t\t\t\ttitle=\"London Eye, London, United Kingdom\"\n\t\t\t\t\taria-label=\"London Eye, London, United Kingdom\"\n\t\t\t><\/iframe>\n\t\t<\/div>\n\t\t\t\t<\/div>\n\t\t\t\t<\/div>\n\t\t\t\t\t<\/div>\n\t\t<\/div>\n\t\t\t\t\t<\/div>\n\t\t<\/section>\n\t\t\t\t<\/div>\n\t\t","protected":false},"excerpt":{"rendered":"<p>Nos Coordonn\u00e9es Adresse 2 Plateaux Derri\u00e8re SOCOCE Villa 94 Contact Mobile: +225 2722416144Email: services@cislo.ci Horaires d&#039;ouverture Lundi &#8211; Vendredi : 8:00 &#8211; 17:30 Samedi : 8:00 &#8211; 12:30 Prendre contact avec nous Leaders City ILeaders City IILeaders City IIILeaders City IV Envoyez<\/p>\n","protected":false},"author":1,"featured_media":0,"parent":0,"menu_order":0,"comment_status":"closed","ping_status":"closed","template":"template-builder.php","meta":{"_monsterinsights_skip_tracking":false,"_monsterinsights_sitenote_active":false,"_monsterinsights_sitenote_note":"","_monsterinsights_sitenote_category":0,"footnotes":""},"class_list":["post-3037","page","type-page","status-publish","hentry"],"aioseo_notices":[],"_links":{"self":[{"href":"https:\/\/app.ekfgazconnect.com\/index.php\/wp-json\/wp\/v2\/pages\/3037","targetHints":{"allow":["GET"]}}],"collection":[{"href":"https:\/\/app.ekfgazconnect.com\/index.php\/wp-json\/wp\/v2\/pages"}],"about":[{"href":"https:\/\/app.ekfgazconnect.com\/index.php\/wp-json\/wp\/v2\/types\/page"}],"author":[{"embeddable":true,"href":"https:\/\/app.ekfgazconnect.com\/index.php\/wp-json\/wp\/v2\/users\/1"}],"replies":[{"embeddable":true,"href":"https:\/\/app.ekfgazconnect.com\/index.php\/wp-json\/wp\/v2\/comments?post=3037"}],"version-history":[{"count":15,"href":"https:\/\/app.ekfgazconnect.com\/index.php\/wp-json\/wp\/v2\/pages\/3037\/revisions"}],"predecessor-version":[{"id":5647,"href":"https:\/\/app.ekfgazconnect.com\/index.php\/wp-json\/wp\/v2\/pages\/3037\/revisions\/5647"}],"wp:attachment":[{"href":"https:\/\/app.ekfgazconnect.com\/index.php\/wp-json\/wp\/v2\/media?parent=3037"}],"curies":[{"name":"wp","href":"https:\/\/api.w.org\/{rel}","templated":true}]}}