{"id":4927,"date":"2024-05-09T22:00:21","date_gmt":"2024-05-09T22:00:21","guid":{"rendered":"https:\/\/app.fabety.com\/?page_id=4927"},"modified":"2024-09-03T12:24:53","modified_gmt":"2024-09-03T12:24:53","slug":"leaders-city-i","status":"publish","type":"page","link":"https:\/\/app.ekfgazconnect.com\/index.php\/leaders-city-i\/","title":{"rendered":"Leaders City I"},"content":{"rendered":"\t\t<div data-elementor-type=\"wp-page\" data-elementor-id=\"4927\" class=\"elementor elementor-4927\">\n\t\t\t\t\t\t<section class=\"elementor-section elementor-top-section elementor-element elementor-element-a26cc3e elementor-section-full_width elementor-section-height-default elementor-section-height-default\" data-id=\"a26cc3e\" data-element_type=\"section\">\n\t\t\t\t\t\t<div class=\"elementor-container elementor-column-gap-no\">\n\t\t\t\t\t<div class=\"elementor-column elementor-col-100 elementor-top-column elementor-element elementor-element-1246374\" data-id=\"1246374\" data-element_type=\"column\">\n\t\t\t<div class=\"elementor-widget-wrap elementor-element-populated\">\n\t\t\t\t\t\t<section class=\"elementor-section elementor-inner-section elementor-element elementor-element-b1b5c4b elementor-section-boxed elementor-section-height-default elementor-section-height-default\" data-id=\"b1b5c4b\" data-element_type=\"section\">\n\t\t\t\t\t\t<div class=\"elementor-container elementor-column-gap-no\">\n\t\t\t\t\t<div class=\"elementor-column elementor-col-100 elementor-inner-column elementor-element elementor-element-df6b742\" data-id=\"df6b742\" data-element_type=\"column\">\n\t\t\t<div class=\"elementor-widget-wrap elementor-element-populated\">\n\t\t\t\t\r\n\t\t<div class=\"elementor-element elementor-element-72fae0d elementor-widget elementor-widget-text-editor\" data-id=\"72fae0d\" data-element_type=\"widget\" data-widget_type=\"text-editor.default\">\n\t\t\t\t<div class=\"elementor-widget-container\">\n\t\t\t<style>\/*! elementor - v3.21.0 - 30-04-2024 *\/\n.elementor-widget-text-editor.elementor-drop-cap-view-stacked .elementor-drop-cap{background-color:#69727d;color:#fff}.elementor-widget-text-editor.elementor-drop-cap-view-framed .elementor-drop-cap{color:#69727d;border:3px solid;background-color:transparent}.elementor-widget-text-editor:not(.elementor-drop-cap-view-default) .elementor-drop-cap{margin-top:8px}.elementor-widget-text-editor:not(.elementor-drop-cap-view-default) .elementor-drop-cap-letter{width:1em;height:1em}.elementor-widget-text-editor .elementor-drop-cap{float:left;text-align:center;line-height:1;font-size:50px}.elementor-widget-text-editor .elementor-drop-cap-letter{display:inline-block}<\/style>\t\t\t\t<div class=\"row gy-30\">\n<div class=\"col-lg-12\">\n<div class=\"page-img\"><img decoding=\"async\" class=\"w-100\" src=\"https:\/\/app.ekfgazconnect.com\/wp-content\/uploads\/2024\/06\/Rolyxs-Third-Project.png\" alt=\"Image\" \/><\/div>\n<\/div>\n<div class=\"col-lg-4 col-6\">\n<div class=\"page-img\"><img decoding=\"async\" class=\"w-100\" src=\"https:\/\/app.ekfgazconnect.com\/wp-content\/uploads\/2024\/05\/Leaders-City-I-Project_1.jpg\" alt=\"Image\" \/><\/div>\n<\/div>\n<div class=\"col-lg-4 col-6\">\n<div class=\"page-img\"><img decoding=\"async\" class=\"w-100\" src=\"https:\/\/app.ekfgazconnect.com\/wp-content\/uploads\/2024\/05\/Leaders-City-I-Project_2.jpg\" alt=\"Image\" \/><\/div>\n<\/div>\n<div class=\"col-xxl-4 col-lg-4\"><aside class=\"sidebar-area\">\n<div class=\"widget widget_info style2 \">\n<h3 class=\"widget_title\">Informations<\/h3>\n<ul class=\"service-info-list border-0 p-0 m-0\">\n \t<li><strong>Projet :<\/strong> Leaders City I<\/li>\n \t<li><strong>Clients :<\/strong> CI Energies, Personnes physiques et Morales<\/li>\n \t<li><strong>Dur\u00e9e du projet :<\/strong> 02 ans<\/li>\n \t<li><strong>Localisation :<\/strong>Route N&#8217;Battou Bouak\u00e9, Bingerville, C\u00f4te d&#8217;Ivoire<\/li>\n \t<li><strong>Offres : <\/strong>67 Villas Duplex de 5 pi\u00e8ces, 38 Villas basse de 4 pi\u00e8ces et 03 espaces verts<\/li>\n<\/ul>\n<\/div>\n<\/aside><\/div>\n<div class=\"col-xxl-12\">\n<div class=\"page-single\">\n<div class=\"page-content\">\n<h2 class=\"h3 page-title fw-semibold\">Pr\u00e9sentation du Projet<\/h2>\n<p class=\"mb-30\">Leaders City I r\u00e9sulte d&#8217;une collaboration entre la soci\u00e9t\u00e9 immobili\u00e8re Cislo et l&#8217;entreprise \u00e9nerg\u00e9tique de renom, la C\u00f4te d&#8217;Ivoire \u00c9nergie. Ce remarquable complexe r\u00e9sidentiel propose une diversit\u00e9 de logements, allant des \u00e9l\u00e9gantes villas basses aux duplex \u00e9conomiques et aux luxueuses r\u00e9sidences haut de gamme. Leaders City I c&#8217;est 38 villas basses de 04 pi\u00e8ces et 67 villas duplex de 05 pi\u00e8ces avec 03 espaces verts.<\/p>\n<p class=\"mb-30\">Id\u00e9alement situ\u00e9 \u00e0 seulement cinq minutes en voiture du Palais de Justice de Bingerville, Leades City I offre un cadre de vie privil\u00e9gi\u00e9, alliant commodit\u00e9 et prestige. Nich\u00e9 dans un environnement paisible, ce complexe b\u00e9n\u00e9ficie d&#8217;une accessibilit\u00e9 remarquable aux principales infrastructures de la r\u00e9gion, assurant ainsi un quotidien confortable pour ses r\u00e9sidents.<\/p>\n<p class=\"mb-30\">Dot\u00e9 d&#8217;\u00e9quipements modernes et de finitions de qualit\u00e9, chaque logement a \u00e9t\u00e9 pens\u00e9 pour offrir un confort optimal et r\u00e9pondre aux besoins des r\u00e9sidents les plus exigeants. Que ce soit pour une vie en famille, un investissement immobilier ou un cadre de vie de qualit\u00e9, Leades City I repr\u00e9sente l&#8217;opportunit\u00e9 id\u00e9ale pour ceux qui recherchent l&#8217;excellence dans leur lieu de r\u00e9sidence.<\/p>\n\n<\/div>\n<\/div>\n<\/div>\n<div class=\"col-xxl-12\">\n<div class=\"page-single\">\n<div class=\"page-content\">\n<h3 class=\"h4 page-title fw-semibold mb-0\">Condition de souscription<\/h3>\n<\/div>\n<\/div>\n<\/div>\n<div class=\"col-xl-4\">\n<div class=\"page-img\"><img decoding=\"async\" class=\"w-100\" src=\"https:\/\/app.ekfgazconnect.com\/wp-content\/uploads\/2024\/07\/Cislo-Conditions-de-Souscription.png\" alt=\"Image\" \/><\/div>\n<\/div>\n<div class=\"col-xl-8\">\n<div class=\"row gy-4\">\n<div class=\"col-md-6\">\n<div class=\"checklist style9\">\n<ul>\n \t<li>Apport initial : 30% du cout de la maison<\/li>\n \t<li>IBAN : CI 0070105290000458133088<\/li>\n \t<li>Pi\u00e8ces \u00e0 fournir : 1 Photocopie de la pi\u00e8ce d&#8217;identit\u00e9 + 2 photos d&#8217;identit\u00e9<\/li>\n<\/ul>\n<\/div>\n<\/div>\n<div class=\"col-md-6\">\n<div class=\"checklist style9\">\n<ul>\n \t<li>Mode de paiement : A temp\u00e9rament, Comptant<\/li>\n<\/ul>\n<\/div>\n<\/div>\n<\/div>\n<\/div>\n<div class=\"col-xxl-12\">\n<div class=\"page-single\">\n<div class=\"page-content\">\n<h3 class=\"h4 page-title fw-semibold mb-0\">Villa Basse 4 Pi\u00e8ces<\/h3>\n<\/div>\n<\/div>\n<\/div>\n<div class=\"col-xl-4\">\n<div class=\"page-img\"><img decoding=\"async\" class=\"w-100\" src=\"https:\/\/app.ekfgazconnect.com\/wp-content\/uploads\/2024\/05\/Leaders-City-I-VIllas-Basse.jpg\" alt=\"Image\" \/><\/div>\n<\/div>\n<div class=\"col-xl-8\">\n<p class=\"mt-n1\">La villa basse offre un espace spacieux et accueillant sur une superficie totale de 230 m\u00e8tres carr\u00e9s, dont 157,93 m\u00e8tres carr\u00e9s sont am\u00e9nag\u00e9s pour la vie quotidienne. Avec son design bien pens\u00e9, elle comprend un garage pour v\u00e9hicule, offrant praticit\u00e9 et s\u00e9curit\u00e9. Les 157,93 m\u00e8tres carr\u00e9s b\u00e2tis proposent un agencement judicieux, offrant des espaces de vie g\u00e9n\u00e9reux et confortables pour r\u00e9pondre aux besoins de toute la famille.<\/p>\n\n<div class=\"row gy-4\">\n<div class=\"col-md-6\">\n<div class=\"checklist style9\">\n<ul>\n \t<li>Surface totale : <b>230 <\/b>m<sup>2<\/sup><\/li>\n \t<li>Surface b\u00e2tie : <b>157,93<\/b> m<sup>2<\/sup><\/li>\n \t<li>Prix : sur demande<\/li>\n<\/ul>\n<\/div>\n<\/div>\n<div class=\"col-md-6\">\n<div class=\"checklist style9\">\n<ul>\n \t<li>Frais de dossier : <b>350 000 FCFA<\/b> non remboursable<\/li>\n<\/ul>\n<\/div>\n<\/div>\n<\/div>\n<\/div>\n<div class=\"col-xxl-12\">\n<div class=\"page-single\">\n<div class=\"page-content\">\n<h3 class=\"h4 page-title fw-semibold mb-0\">Plan de Villa Basse 4 Pi\u00e8ces<\/h3>\n<\/div>\n<\/div>\n<\/div>\n<div class=\"col-xl-8\">\n<div class=\"page-img\"><img decoding=\"async\" class=\"w-100\" src=\"https:\/\/app.ekfgazconnect.com\/wp-content\/uploads\/2024\/06\/Leaders-City-I-Plan-Villa-Basse.png\" alt=\"Image\" \/><\/div>\n<\/div>\n<div class=\"col-xl-4\">\n<div class=\"checklist style9\">\n<ul>\n \t<li>S\u00e9jour + Salle \u00e0 manger : 30,34 m<sup>2<\/sup><\/li>\n \t<li>Chambre principale (CP) : 19,30 m<sup>2<\/sup><\/li>\n \t<li>Salle de bains (CP) : 5,51 m<sup>2<\/sup><\/li>\n \t<li>Chambre 01 (Ch01) : 14,01 m<sup>2<\/sup><\/li>\n \t<li>Salle de bains (Ch01) : 2,67 m<sup>2<\/sup><\/li>\n \t<li>Chambre 02 (Ch02) : 14,25 m<sup>2<\/sup><\/li>\n \t<li>Salle de bains (Ch02) : 2,68 m<sup>2<\/sup><\/li>\n \t<li>Toilettes : 2,04 m<sup>2<\/sup><\/li>\n \t<li>Dgt : 5,62 m<sup>2<\/sup><\/li>\n \t<li>Cuisine : 8,53 m<sup>2<\/sup><\/li>\n \t<li>buanderie : 2,53 m<sup>2<\/sup><\/li>\n \t<li>Terrasse : 10,89 m<sup>2<\/sup><\/li>\n \t<li>Cour : 58,40 m<sup>2<\/sup><\/li>\n<\/ul>\n<\/div>\n<\/div>\n<div class=\"col-xxl-12\">\n<div class=\"page-single\">\n<div class=\"page-content\">\n<h3 class=\"h4 page-title fw-semibold mb-0\">Villa Duplex 5 Pi\u00e8ces<\/h3>\n<\/div>\n<\/div>\n<\/div>\n<div class=\"col-xl-4\">\n<div class=\"page-img\"><img decoding=\"async\" class=\"w-100\" src=\"https:\/\/app.ekfgazconnect.com\/wp-content\/uploads\/2024\/05\/Leaders-City-I-VIllas-Duplex.jpg\" alt=\"Image\" \/><\/div>\n<\/div>\n<div class=\"col-xl-8\">\n<p class=\"mt-n1\">La villa duplex offre un espace g\u00e9n\u00e9reux sur une superficie totale de 250 m\u00e8tres carr\u00e9s, avec une superficie b\u00e2tie de 156,99 m\u00e8tres carr\u00e9s. Au rez-de-chauss\u00e9e, vous trouverez 82,94 m\u00e8tres carr\u00e9s d&#8217;espace habitable, tandis que l&#8217;\u00e9tage sup\u00e9rieur propose 74,05 m\u00e8tres carr\u00e9s suppl\u00e9mentaires. Cette disposition astucieuse assure une s\u00e9paration claire entre les espaces de vie et les chambres, cr\u00e9ant ainsi un environnement moderne et fonctionnel, id\u00e9al pour les familles ou ceux qui recherchent confort et intimit\u00e9.<\/p>\n\n<div class=\"row gy-4\">\n<div class=\"col-md-6\">\n<div class=\"checklist style9\">\n<ul>\n \t<li>Surface total : <b>250 <\/b>m<sup>2<\/sup><\/li>\n \t<li>Surface b\u00e2tie : <b>156,99<\/b> m<sup>2<\/sup><\/li>\n \t<li>Prix : sur demande<\/li>\n<\/ul>\n<\/div>\n<\/div>\n<div class=\"col-md-6\">\n<div class=\"checklist style9\">\n<ul>\n \t<li>Frais de dossier : <b>450 000 FCFA <\/b>non remboursable<\/li>\n<\/ul>\n<\/div>\n<\/div>\n<\/div>\n<\/div>\n<div class=\"col-xxl-12\">\n<div class=\"page-single\">\n<div class=\"page-content\">\n<h3 class=\"h4 page-title fw-semibold mb-0\">Rez-de-chauss\u00e9e<\/h3>\n<\/div>\n<\/div>\n<\/div>\n<div class=\"col-xl-8\">\n<div class=\"page-img\"><img decoding=\"async\" class=\"w-100\" src=\"https:\/\/app.ekfgazconnect.com\/wp-content\/uploads\/2024\/09\/Leaders-City-I-Rdc.png\" alt=\"Image\" \/><\/div>\n<\/div>\n<div class=\"col-xl-4\">\n<div class=\"checklist style9\">\n<ul>\n \t<li>S\u00e9jour + Salle \u00e0 manger de 39,50 m<sup>2<\/sup><\/li>\n \t<li>Chambre Visiteur (CV) : 13,25 m<sup>2<\/sup><\/li>\n \t<li>Salle de bains (CV) : 3,10 m<sup>2<\/sup><\/li>\n \t<li>Toilettes : 1,91 m<sup>2<\/sup><\/li>\n \t<li>Escalier : 3,57 m<sup>2<\/sup><\/li>\n \t<li>Cuisine : 10,08 m<sup>2<\/sup><\/li>\n \t<li>Terrasse : 6,36 m<sup>2<\/sup><\/li>\n \t<li>Deg : 4,72 m<sup>2<\/sup><\/li>\n<\/ul>\n<\/div>\n<\/div>\n<div class=\"col-xl-4\">\n<div class=\"page-img\"><\/div>\n<\/div>\n<div class=\"col-xl-8\"><\/div>\n<div class=\"col-xxl-12\">\n<div class=\"page-single\">\n<div class=\"page-content\">\n<h3 class=\"h4 page-title fw-semibold mb-0\">\u00c9tage<\/h3>\n<\/div>\n<\/div>\n<\/div>\n<div class=\"col-xl-8\">\n<div class=\"page-img\"><img decoding=\"async\" class=\"w-100\" src=\"https:\/\/app.ekfgazconnect.com\/wp-content\/uploads\/2024\/09\/Leaders-City-I-Duplex-Etage.png\" alt=\"Image\" \/><\/div>\n<\/div>\n<div class=\"col-xl-4\">\n<div class=\"checklist style9\">\n<ul>\n \t<li>Chambre principale (CP) : 18,50 m<sup>2<\/sup><\/li>\n \t<li>Salle de bains (CP) : 4,59 m<sup>2<\/sup><\/li>\n \t<li>Dressing (CP) : 4,85 m<sup>2<\/sup><\/li>\n \t<li>Chambre 02 (CH02) : 13,48 m<sup>2<\/sup><\/li>\n \t<li>Salle de bains (CH02) : 4,12 m<sup>2<\/sup><\/li>\n \t<li>Chambre 03 (CH03) : 15,03 m<sup>2<\/sup><\/li>\n \t<li>Salle de bains (CH03) : 4,79 m<sup>2<\/sup><\/li>\n \t<li>DEG : 4,16 m<sup>2<\/sup><\/li>\n \t<li>Balcon : 4,86 m<sup>2<\/sup><\/li>\n<\/ul>\n<\/div>\n<\/div>\n<div class=\"col-xl-4\">\n<div class=\"page-img\"><\/div>\n<\/div>\n<div class=\"col-xl-8\">\n<div class=\"row gy-4\">\n<div class=\"col-md-6\">\n<div class=\"checklist style9\"><\/div>\n<\/div>\n<div class=\"col-md-6\">\n<div class=\"checklist style9\"><\/div>\n<\/div>\n<\/div>\n<\/div>\n<\/div>\t\t\t\t\t\t<\/div>\n\t\t\t\t<\/div>\n\t\t\t\t\t<\/div>\n\t\t<\/div>\n\t\t\t\t\t<\/div>\n\t\t<\/section>\n\t\t\t\t\t<\/div>\n\t\t<\/div>\n\t\t\t\t\t<\/div>\n\t\t<\/section>\n\t\t<div class=\"elementor-element elementor-element-b01b1e1 e-flex e-con-boxed e-con e-parent\" data-id=\"b01b1e1\" data-element_type=\"container\">\n\t\t\t\t\t<div class=\"e-con-inner\">\n\t\t\t\t<div class=\"elementor-element elementor-element-dbdea73 elementor-arrows-position-inside elementor-pagination-position-outside elementor-widget elementor-widget-image-carousel\" data-id=\"dbdea73\" data-element_type=\"widget\" data-settings=\"{&quot;slides_to_show&quot;:&quot;1&quot;,&quot;navigation&quot;:&quot;both&quot;,&quot;autoplay&quot;:&quot;yes&quot;,&quot;pause_on_hover&quot;:&quot;yes&quot;,&quot;pause_on_interaction&quot;:&quot;yes&quot;,&quot;autoplay_speed&quot;:5000,&quot;infinite&quot;:&quot;yes&quot;,&quot;effect&quot;:&quot;slide&quot;,&quot;speed&quot;:500}\" data-widget_type=\"image-carousel.default\">\n\t\t\t\t<div class=\"elementor-widget-container\">\n\t\t\t<style>\/*! elementor - v3.21.0 - 30-04-2024 *\/\n.elementor-widget-image-carousel .swiper,.elementor-widget-image-carousel .swiper-container{position:static}.elementor-widget-image-carousel .swiper-container .swiper-slide figure,.elementor-widget-image-carousel .swiper .swiper-slide figure{line-height:inherit}.elementor-widget-image-carousel .swiper-slide{text-align:center}.elementor-image-carousel-wrapper:not(.swiper-container-initialized):not(.swiper-initialized) .swiper-slide{max-width:calc(100% \/ var(--e-image-carousel-slides-to-show, 3))}<\/style>\t\t<div class=\"elementor-image-carousel-wrapper swiper\" dir=\"ltr\">\n\t\t\t<div class=\"elementor-image-carousel swiper-wrapper\" aria-live=\"off\">\n\t\t\t\t\t\t\t\t<div class=\"swiper-slide\" role=\"group\" aria-roledescription=\"slide\" aria-label=\"1 sur 3\"><figure class=\"swiper-slide-inner\"><img decoding=\"async\" class=\"swiper-slide-image\" src=\"https:\/\/app.ekfgazconnect.com\/wp-content\/uploads\/2024\/09\/Leaders-City-New-Slider-1.jpg\" alt=\"Leaders City New Slider 1\" \/><\/figure><\/div><div class=\"swiper-slide\" role=\"group\" aria-roledescription=\"slide\" aria-label=\"2 sur 3\"><figure class=\"swiper-slide-inner\"><img decoding=\"async\" class=\"swiper-slide-image\" src=\"https:\/\/app.ekfgazconnect.com\/wp-content\/uploads\/2024\/09\/Leaders-City-New-Slider-2.jpg\" alt=\"Leaders City New Slider 2\" \/><\/figure><\/div><div class=\"swiper-slide\" role=\"group\" aria-roledescription=\"slide\" aria-label=\"3 sur 3\"><figure class=\"swiper-slide-inner\"><img decoding=\"async\" class=\"swiper-slide-image\" src=\"https:\/\/app.ekfgazconnect.com\/wp-content\/uploads\/2024\/09\/Leaders-City-New-Slider-3.jpg\" alt=\"Leaders City New Slider 3\" \/><\/figure><\/div>\t\t\t<\/div>\n\t\t\t\t\t\t\t\t\t\t\t\t<div class=\"elementor-swiper-button elementor-swiper-button-prev\" role=\"button\" tabindex=\"0\">\n\t\t\t\t\t\t<svg aria-hidden=\"true\" class=\"e-font-icon-svg e-eicon-chevron-left\" viewBox=\"0 0 1000 1000\" xmlns=\"http:\/\/www.w3.org\/2000\/svg\"><path d=\"M646 125C629 125 613 133 604 142L308 442C296 454 292 471 292 487 292 504 296 521 308 533L604 854C617 867 629 875 646 875 663 875 679 871 692 858 704 846 713 829 713 812 713 796 708 779 692 767L438 487 692 225C700 217 708 204 708 187 708 171 704 154 692 142 675 129 663 125 646 125Z\"><\/path><\/svg>\t\t\t\t\t<\/div>\n\t\t\t\t\t<div class=\"elementor-swiper-button elementor-swiper-button-next\" role=\"button\" tabindex=\"0\">\n\t\t\t\t\t\t<svg aria-hidden=\"true\" class=\"e-font-icon-svg e-eicon-chevron-right\" viewBox=\"0 0 1000 1000\" xmlns=\"http:\/\/www.w3.org\/2000\/svg\"><path d=\"M696 533C708 521 713 504 713 487 713 471 708 454 696 446L400 146C388 133 375 125 354 125 338 125 325 129 313 142 300 154 292 171 292 187 292 204 296 221 308 233L563 492 304 771C292 783 288 800 288 817 288 833 296 850 308 863 321 871 338 875 354 875 371 875 388 867 400 854L696 533Z\"><\/path><\/svg>\t\t\t\t\t<\/div>\n\t\t\t\t\n\t\t\t\t\t\t\t\t\t<div class=\"swiper-pagination\"><\/div>\n\t\t\t\t\t\t\t\t\t<\/div>\n\t\t\t\t<\/div>\n\t\t\t\t<\/div>\n\t\t\t\t\t<\/div>\n\t\t\t\t<\/div>\n\t\t\t\t<\/div>\n\t\t","protected":false},"excerpt":{"rendered":"<p>Informations Projet : Leaders City I Clients : CI Energies, Personnes physiques et Morales Dur\u00e9e du projet : 02 ans Localisation :Route N&#8217;Battou Bouak\u00e9, Bingerville, C\u00f4te d&#8217;Ivoire Offres : 67 Villas Duplex de 5 pi\u00e8ces, 38 Villas basse de 4 pi\u00e8ces et 03 espaces verts Pr\u00e9sentation du Projet Leaders City I r\u00e9sulte d&#8217;une collaboration entre&#8230;<\/p>\n","protected":false},"author":1,"featured_media":0,"parent":0,"menu_order":0,"comment_status":"closed","ping_status":"closed","template":"template-builder.php","meta":{"_monsterinsights_skip_tracking":false,"_monsterinsights_sitenote_active":false,"_monsterinsights_sitenote_note":"","_monsterinsights_sitenote_category":0,"footnotes":""},"class_list":["post-4927","page","type-page","status-publish","hentry"],"aioseo_notices":[],"_links":{"self":[{"href":"https:\/\/app.ekfgazconnect.com\/index.php\/wp-json\/wp\/v2\/pages\/4927","targetHints":{"allow":["GET"]}}],"collection":[{"href":"https:\/\/app.ekfgazconnect.com\/index.php\/wp-json\/wp\/v2\/pages"}],"about":[{"href":"https:\/\/app.ekfgazconnect.com\/index.php\/wp-json\/wp\/v2\/types\/page"}],"author":[{"embeddable":true,"href":"https:\/\/app.ekfgazconnect.com\/index.php\/wp-json\/wp\/v2\/users\/1"}],"replies":[{"embeddable":true,"href":"https:\/\/app.ekfgazconnect.com\/index.php\/wp-json\/wp\/v2\/comments?post=4927"}],"version-history":[{"count":307,"href":"https:\/\/app.ekfgazconnect.com\/index.php\/wp-json\/wp\/v2\/pages\/4927\/revisions"}],"predecessor-version":[{"id":7170,"href":"https:\/\/app.ekfgazconnect.com\/index.php\/wp-json\/wp\/v2\/pages\/4927\/revisions\/7170"}],"wp:attachment":[{"href":"https:\/\/app.ekfgazconnect.com\/index.php\/wp-json\/wp\/v2\/media?parent=4927"}],"curies":[{"name":"wp","href":"https:\/\/api.w.org\/{rel}","templated":true}]}}