{"id":4932,"date":"2024-05-09T22:01:56","date_gmt":"2024-05-09T22:01:56","guid":{"rendered":"https:\/\/app.fabety.com\/?page_id=4932"},"modified":"2024-09-14T22:47:48","modified_gmt":"2024-09-14T22:47:48","slug":"leaders-city-iii","status":"publish","type":"page","link":"https:\/\/app.ekfgazconnect.com\/index.php\/leaders-city-iii\/","title":{"rendered":"Leaders City III"},"content":{"rendered":"\t\t<div data-elementor-type=\"wp-page\" data-elementor-id=\"4932\" class=\"elementor elementor-4932\">\n\t\t\t\t\t\t<section class=\"elementor-section elementor-top-section elementor-element elementor-element-a26cc3e elementor-section-full_width elementor-section-height-default elementor-section-height-default\" data-id=\"a26cc3e\" data-element_type=\"section\">\n\t\t\t\t\t\t<div class=\"elementor-container elementor-column-gap-no\">\n\t\t\t\t\t<div class=\"elementor-column elementor-col-100 elementor-top-column elementor-element elementor-element-1246374\" data-id=\"1246374\" data-element_type=\"column\">\n\t\t\t<div class=\"elementor-widget-wrap elementor-element-populated\">\n\t\t\t\t\t\t<section class=\"elementor-section elementor-inner-section elementor-element elementor-element-b1b5c4b elementor-section-boxed elementor-section-height-default elementor-section-height-default\" data-id=\"b1b5c4b\" data-element_type=\"section\">\n\t\t\t\t\t\t<div class=\"elementor-container elementor-column-gap-no\">\n\t\t\t\t\t<div class=\"elementor-column elementor-col-100 elementor-inner-column elementor-element elementor-element-df6b742\" data-id=\"df6b742\" data-element_type=\"column\">\n\t\t\t<div class=\"elementor-widget-wrap elementor-element-populated\">\n\t\t\t\t\r\n\t\t<div class=\"elementor-element elementor-element-72fae0d elementor-widget elementor-widget-text-editor\" data-id=\"72fae0d\" data-element_type=\"widget\" data-widget_type=\"text-editor.default\">\n\t\t\t\t<div class=\"elementor-widget-container\">\n\t\t\t<style>\/*! elementor - v3.21.0 - 30-04-2024 *\/\n.elementor-widget-text-editor.elementor-drop-cap-view-stacked .elementor-drop-cap{background-color:#69727d;color:#fff}.elementor-widget-text-editor.elementor-drop-cap-view-framed .elementor-drop-cap{color:#69727d;border:3px solid;background-color:transparent}.elementor-widget-text-editor:not(.elementor-drop-cap-view-default) .elementor-drop-cap{margin-top:8px}.elementor-widget-text-editor:not(.elementor-drop-cap-view-default) .elementor-drop-cap-letter{width:1em;height:1em}.elementor-widget-text-editor .elementor-drop-cap{float:left;text-align:center;line-height:1;font-size:50px}.elementor-widget-text-editor .elementor-drop-cap-letter{display:inline-block}<\/style>\t\t\t\t<div class=\"row gy-30\">\n<div class=\"col-lg-12\">\n<div class=\"page-img\"><img decoding=\"async\" class=\"w-100\" src=\"https:\/\/app.ekfgazconnect.com\/wp-content\/uploads\/2024\/06\/Leaders-City-III-Banner-1220x600-1.png\" alt=\"Image\" \/><\/div>\n<\/div>\n<div class=\"col-lg-4 col-6\">\n<div class=\"page-img\"><img decoding=\"async\" class=\"w-100\" src=\"https:\/\/app.ekfgazconnect.com\/wp-content\/uploads\/2024\/06\/Leaders-City-III-Project-Detail-1.png\" alt=\"Image\" \/><\/div>\n<\/div>\n<div class=\"col-lg-4 col-6\">\n<div class=\"page-img\"><img decoding=\"async\" class=\"w-100\" src=\"https:\/\/app.ekfgazconnect.com\/wp-content\/uploads\/2024\/06\/Leaders-City-III-Project-Detail-2.png\" alt=\"Image\" \/><\/div>\n<\/div>\n<div class=\"col-xxl-4 col-lg-4\"><aside class=\"sidebar-area\">\n<div class=\"widget widget_info style2 \">\n<h3 class=\"widget_title\">Informations<\/h3>\n<ul class=\"service-info-list border-0 p-0 m-0\">\n \t<li><strong>Projet :<\/strong> Leaders City III<\/li>\n \t<li><strong>Clients :<\/strong> Personnes physiques et morales<\/li>\n \t<li><strong>Dur\u00e9e :<\/strong> 2 ans<\/li>\n \t<li><strong>Localisation :<\/strong> Djorogobit\u00e9, Cocody, Abidjan, C\u00f4te d&#8217;Ivoire<\/li>\n \t<li><strong>Offre :<\/strong> 10 villas duplex de haut standing<\/li>\n \t<li><strong>Prix :<\/strong> 350 000 000 F CFA<\/li>\n<\/ul>\n<\/div>\n<\/aside><\/div>\n<div class=\"col-xxl-12\">\n<div class=\"page-single\">\n<div class=\"page-content\">\n<h2 class=\"h3 page-title fw-semibold\">Pr\u00e9sentation du Projet<\/h2>\n<p class=\"mb-30\">Bas\u00e9 dans le quartier pris\u00e9 de Djorogobit\u00e9 \u00e0 Cocody, au c\u0153ur d&#8217;Abidjan, le projet Leaders City III se distingue par son emplacement privil\u00e9gi\u00e9 dans un environnement calme et paisible. Offrant une fusion parfaite entre le confort moderne et la tranquillit\u00e9 urbaine, ce projet r\u00e9sidentiel propose une exp\u00e9rience de vie exceptionnelle.<\/p>\n<p class=\"mb-30\">Leaders City III pr\u00e9sente une collection exclusive de 10 villas duplex de haut standing, chacune offrant un espace luxueux et raffin\u00e9. Les r\u00e9sidents peuvent profiter d&#8217;une vie en harmonie avec la nature gr\u00e2ce \u00e0 la pr\u00e9sence d&#8217;une piscine, offrant ainsi une oasis de d\u00e9tente au c\u0153ur de la ville anim\u00e9e.<\/p>\n<p class=\"mb-30\">Chaque villa, d&#8217;une superficie g\u00e9n\u00e9reuse de 300 m\u00e8tres carr\u00e9s, est con\u00e7ue avec une attention m\u00e9ticuleuse aux d\u00e9tails et aux finitions de qualit\u00e9 sup\u00e9rieure. Les espaces int\u00e9rieurs sont intelligemment agenc\u00e9s pour offrir confort et fonctionnalit\u00e9, tandis que les grandes fen\u00eatres laissent entrer abondamment la lumi\u00e8re naturelle, cr\u00e9ant une atmosph\u00e8re lumineuse et a\u00e9r\u00e9e.<\/p>\n<p class=\"mb-30\">Outre son design \u00e9l\u00e9gant, Leaders City III se distingue par son engagement envers la qualit\u00e9 de construction. Chaque villa est livr\u00e9e en gros \u0153uvre, offrant ainsi aux futurs propri\u00e9taires la possibilit\u00e9 de personnaliser leur espace selon leurs pr\u00e9f\u00e9rences et leurs besoins sp\u00e9cifiques.<\/p>\n<p class=\"mb-n1\">En r\u00e9sum\u00e9, le projet Leaders City III incarne le luxe, le confort et l&#8217;exclusivit\u00e9, offrant aux r\u00e9sidents une r\u00e9sidence urbaine de premier choix dans l&#8217;un des quartiers les plus recherch\u00e9s d&#8217;Abidjan.<\/p>\n\n<\/div>\n<\/div>\n<\/div>\n<div class=\"col-xxl-12\">\n<div class=\"page-single\">\n<div class=\"page-content\">\n<h3 class=\"h4 page-title fw-semibold mb-0\">Condition de souscription<\/h3>\n<\/div>\n<\/div>\n<\/div>\n<div class=\"col-xl-4\">\n<div class=\"page-img\"><img decoding=\"async\" class=\"w-100\" src=\"https:\/\/app.ekfgazconnect.com\/wp-content\/uploads\/2024\/07\/Cislo-Conditions-de-Souscription.png\" alt=\"Image\" \/><\/div>\n<\/div>\n<div class=\"col-xl-8\">\n<div class=\"row gy-4\">\n<div class=\"col-md-6\">\n<div class=\"checklist style9\">\n<ul>\n \t<li>Frais de dossier : 800 000 F CFA non remboursable<\/li>\n \t<li>Pi\u00e8ces \u00e0 fournir : 1 Photocopie de la pi\u00e8ce d\u2019identit\u00e9 + 2 photos d\u2019identit\u00e9<\/li>\n \t<li>Dur\u00e9e du projet : 2 ans<\/li>\n<\/ul>\n<\/div>\n<\/div>\n<div class=\"col-md-6\">\n<div class=\"checklist style9\">\n<ul>\n \t<li>Paiement \u00e0 temp\u00e9rament : un apport initial de 40 % pour la r\u00e9servation, et le solde de 60 % r\u00e9parti sur 12 mois.<\/li>\n \t<li>Paiement par cr\u00e9dit bancaire : apport initial de 15 %.<\/li>\n \t<li>Paiement cash : la livraison se fera dans un d\u00e9lai maximal de 10 mois.<\/li>\n<\/ul>\n<\/div>\n<\/div>\n<\/div>\n<\/div>\n<div class=\"col-xxl-12\">\n<div class=\"page-single\">\n<div class=\"page-content\">\n<h3 class=\"h4 page-title fw-semibold mb-0\">Caract\u00e9ristiques<\/h3>\n<\/div>\n<\/div>\n<\/div>\n<div class=\"col-xl-4\">\n<div class=\"page-img\"><img decoding=\"async\" class=\"w-100\" src=\"https:\/\/app.ekfgazconnect.com\/wp-content\/uploads\/2024\/07\/Leaders-City-III-Caracteristique.png\" alt=\"Image\" \/><\/div>\n<\/div>\n<div class=\"col-xl-8\">\n<div class=\"row gy-4\">\n<div class=\"col-md-6\">\n<div class=\"checklist style9\">\n<ul>\n \t<li>Surface du terrain : 300 m<sup>2<\/sup><\/li>\n \t<li>Surface habitable : 279,7 m<sup>2<\/sup><\/li>\n \t<li>Salon + Salle \u00e0 manger de 62,36 m<sup>2<\/sup><\/li>\n \t<li>1 Chambre parentale de 31,44 m<sup>2<\/sup> avec salle de bain et dressing<\/li>\n \t<li>1 Balcon de 4,44 m<sup>2<\/sup> qui donne sur la chambre principale<\/li>\n \t<li>1 Bureau communicant avec la chambre principale<\/li>\n<\/ul>\n<\/div>\n<\/div>\n<div class=\"col-md-6\">\n<div class=\"checklist style9\">\n<ul>\n \t<li>3 autres Chambres autonomes<\/li>\n \t<li>Garage de 2 voitures<\/li>\n \t<li>Piscine avec plage et lumi\u00e8re d\u00e9corative<\/li>\n \t<li>Grande cours avec gazon et pav\u00e9<\/li>\n \t<li>Toiture en dalle<\/li>\n \t<li>Livr\u00e9e compl\u00e8tment finie avec luminaire cl\u00f4ture, portails, d\u00e9coration ext\u00e9rieure, gazon etc.<\/li>\n<\/ul>\n<\/div>\n<\/div>\n<\/div>\n<\/div>\n<div class=\"col-xxl-12\">\n<div class=\"page-single\">\n<div class=\"page-content\">\n<h3 class=\"h4 page-title fw-semibold mb-0\">Rez-de-chauss\u00e9e<\/h3>\n<\/div>\n<\/div>\n<\/div>\n<div class=\"col-xl-8\">\n<div class=\"page-img\"><img decoding=\"async\" class=\"w-100\" src=\"https:\/\/app.ekfgazconnect.com\/wp-content\/uploads\/2024\/09\/Leaders-City-III-Rdc.jpg\" alt=\"Image\" \/><\/div>\n<\/div>\n<div class=\"col-xl-4\">\n<div class=\"checklist style9\">\n<ul>\n \t<li>S\u00e9jour + Salle \u00e0 manger : 62,36 m<sup>2<\/sup><\/li>\n \t<li>Chambre de service (CHS): 9,30 m<sup>2<\/sup><\/li>\n \t<li>Salle de bains (CHS) : 2,04 m<sup>2<\/sup><\/li>\n \t<li>Toilettes pour visiteurs : 1,80 m<sup>2<\/sup><\/li>\n \t<li>Cuisine : 21,08 m<sup>2<\/sup><\/li>\n \t<li>Piscine : 19,50 m<sup>2<\/sup><\/li>\n \t<li>Plage : 31,25 m<sup>2<\/sup><\/li>\n \t<li>Garage : 44,18 m<sup>2<\/sup><\/li>\n<\/ul>\n<\/div>\n<\/div>\n<div class=\"col-xl-4\">\n<div class=\"page-img\"><\/div>\n<\/div>\n<div class=\"col-xl-8\"><\/div>\n<div class=\"col-xxl-12\">\n<div class=\"page-single\">\n<div class=\"page-content\">\n<h3 class=\"h4 page-title fw-semibold mb-0\">\u00c9tage<\/h3>\n<\/div>\n<\/div>\n<\/div>\n<div class=\"col-xl-8\">\n<div class=\"page-img\"><img decoding=\"async\" class=\"w-100\" src=\"https:\/\/app.ekfgazconnect.com\/wp-content\/uploads\/2024\/09\/Leaders-City-III-Etage.jpg\" alt=\"Image\" \/><\/div>\n<\/div>\n<div class=\"col-xl-4\">\n<div class=\"checklist style9\">\n<ul>\n \t<li>Chambre principale (CHP) : 31,44 m<sup>2<\/sup><\/li>\n \t<li>Dressing (CHP) : 6,12 m<sup>2<\/sup><\/li>\n \t<li>Salle de bains (CHP) : 8,73 m<sup>2<\/sup><\/li>\n \t<li>Bureau : 9,60 m<sup>2<\/sup><\/li>\n \t<li>Balcon du bureau : 4,44 m<sup>2<\/sup><\/li>\n \t<li>Chambre 02 (CH02) : 15,69 m<sup>2<\/sup><\/li>\n \t<li>Salle de bains (CH02) : 4,95 m<sup>2<\/sup><\/li>\n \t<li>Chambre 03 (CH03) : 15,69 m<sup>2<\/sup><\/li>\n \t<li>Salle de bains (CH03) : 2,80 m<sup>2<\/sup><\/li>\n \t<li>Balcon : 9,81 m<sup>2<\/sup><\/li>\n<\/ul>\n<\/div>\n<\/div>\n<div class=\"col-xl-4\">\n<div class=\"page-img\"><\/div>\n<\/div>\n<div class=\"col-xl-8\">\n<div class=\"row gy-4\">\n<div class=\"col-md-6\">\n<div class=\"checklist style9\"><\/div>\n<\/div>\n<div class=\"col-md-6\">\n<div class=\"checklist style9\"><\/div>\n<\/div>\n<\/div>\n<\/div>\n<\/div>\t\t\t\t\t\t<\/div>\n\t\t\t\t<\/div>\n\t\t\t\t\t<\/div>\n\t\t<\/div>\n\t\t\t\t\t<\/div>\n\t\t<\/section>\n\t\t\t\t\t<\/div>\n\t\t<\/div>\n\t\t\t\t\t<\/div>\n\t\t<\/section>\n\t\t<div class=\"elementor-element elementor-element-d3dd119 e-flex e-con-boxed e-con e-parent\" data-id=\"d3dd119\" data-element_type=\"container\">\n\t\t\t\t\t<div class=\"e-con-inner\">\n\t\t\t\t<div class=\"elementor-element elementor-element-6fa8e67 elementor-arrows-position-inside elementor-pagination-position-outside elementor-widget elementor-widget-image-carousel\" data-id=\"6fa8e67\" data-element_type=\"widget\" data-settings=\"{&quot;slides_to_show&quot;:&quot;1&quot;,&quot;navigation&quot;:&quot;both&quot;,&quot;autoplay&quot;:&quot;yes&quot;,&quot;pause_on_hover&quot;:&quot;yes&quot;,&quot;pause_on_interaction&quot;:&quot;yes&quot;,&quot;autoplay_speed&quot;:5000,&quot;infinite&quot;:&quot;yes&quot;,&quot;effect&quot;:&quot;slide&quot;,&quot;speed&quot;:500}\" data-widget_type=\"image-carousel.default\">\n\t\t\t\t<div class=\"elementor-widget-container\">\n\t\t\t<style>\/*! elementor - v3.21.0 - 30-04-2024 *\/\n.elementor-widget-image-carousel .swiper,.elementor-widget-image-carousel .swiper-container{position:static}.elementor-widget-image-carousel .swiper-container .swiper-slide figure,.elementor-widget-image-carousel .swiper .swiper-slide figure{line-height:inherit}.elementor-widget-image-carousel .swiper-slide{text-align:center}.elementor-image-carousel-wrapper:not(.swiper-container-initialized):not(.swiper-initialized) .swiper-slide{max-width:calc(100% \/ var(--e-image-carousel-slides-to-show, 3))}<\/style>\t\t<div class=\"elementor-image-carousel-wrapper swiper\" dir=\"ltr\">\n\t\t\t<div class=\"elementor-image-carousel swiper-wrapper\" aria-live=\"off\">\n\t\t\t\t\t\t\t\t<div class=\"swiper-slide\" role=\"group\" aria-roledescription=\"slide\" aria-label=\"1 sur 10\"><figure class=\"swiper-slide-inner\"><img decoding=\"async\" class=\"swiper-slide-image\" src=\"https:\/\/app.ekfgazconnect.com\/wp-content\/uploads\/2024\/06\/Enscape_2024-01Leaders-City-III-21-10-04-09_Enscape-Vue-3D-7.png\" alt=\"Enscape_2024-01Leaders City III -21-10-04-09_Enscape Vue 3D 7\" \/><\/figure><\/div><div class=\"swiper-slide\" role=\"group\" aria-roledescription=\"slide\" aria-label=\"2 sur 10\"><figure class=\"swiper-slide-inner\"><img decoding=\"async\" class=\"swiper-slide-image\" src=\"https:\/\/app.ekfgazconnect.com\/wp-content\/uploads\/2024\/06\/Leaders-City-III-Enscape_2024-01-21-10-04-09_Enscape-Vue-3D-1.png\" alt=\"Leaders City III Enscape_2024-01-21-10-04-09_Enscape Vue 3D 1\" \/><\/figure><\/div><div class=\"swiper-slide\" role=\"group\" aria-roledescription=\"slide\" aria-label=\"3 sur 10\"><figure class=\"swiper-slide-inner\"><img decoding=\"async\" class=\"swiper-slide-image\" src=\"https:\/\/app.ekfgazconnect.com\/wp-content\/uploads\/2024\/06\/Leaders-City-III-Enscape_2024-01-21-10-04-09_Enscape-Vue-3D-2.png\" alt=\"Leaders City III Enscape_2024-01-21-10-04-09_Enscape Vue 3D 2\" \/><\/figure><\/div><div class=\"swiper-slide\" role=\"group\" aria-roledescription=\"slide\" aria-label=\"4 sur 10\"><figure class=\"swiper-slide-inner\"><img decoding=\"async\" class=\"swiper-slide-image\" src=\"https:\/\/app.ekfgazconnect.com\/wp-content\/uploads\/2024\/06\/Leaders-City-III-Enscape_2024-01-21-10-04-09_Enscape-Vue-3D-3.png\" alt=\"Leaders City III Enscape_2024-01-21-10-04-09_Enscape Vue 3D 3\" \/><\/figure><\/div><div class=\"swiper-slide\" role=\"group\" aria-roledescription=\"slide\" aria-label=\"5 sur 10\"><figure class=\"swiper-slide-inner\"><img decoding=\"async\" class=\"swiper-slide-image\" src=\"https:\/\/app.ekfgazconnect.com\/wp-content\/uploads\/2024\/06\/Leaders-City-III-Enscape_2024-01-21-10-04-09_Enscape-Vue-3D-4.png\" alt=\"Leaders City III Enscape_2024-01-21-10-04-09_Enscape Vue 3D 4\" \/><\/figure><\/div><div class=\"swiper-slide\" role=\"group\" aria-roledescription=\"slide\" aria-label=\"6 sur 10\"><figure class=\"swiper-slide-inner\"><img decoding=\"async\" class=\"swiper-slide-image\" src=\"https:\/\/app.ekfgazconnect.com\/wp-content\/uploads\/2024\/06\/Leaders-City-III-Enscape_2024-01-21-10-04-09_Enscape-Vue-3D-6.png\" alt=\"Leaders City III Enscape_2024-01-21-10-04-09_Enscape Vue 3D 6\" \/><\/figure><\/div><div class=\"swiper-slide\" role=\"group\" aria-roledescription=\"slide\" aria-label=\"7 sur 10\"><figure class=\"swiper-slide-inner\"><img decoding=\"async\" class=\"swiper-slide-image\" src=\"https:\/\/app.ekfgazconnect.com\/wp-content\/uploads\/2024\/06\/Leaders-City-III-Enscape_2024-01-21-10-04-09_Enscape-Vue-3D-8.png\" alt=\"Leaders City III Enscape_2024-01-21-10-04-09_Enscape Vue 3D 8\" \/><\/figure><\/div><div class=\"swiper-slide\" role=\"group\" aria-roledescription=\"slide\" aria-label=\"8 sur 10\"><figure class=\"swiper-slide-inner\"><img decoding=\"async\" class=\"swiper-slide-image\" src=\"https:\/\/app.ekfgazconnect.com\/wp-content\/uploads\/2024\/06\/Leaders-City-III-Enscape_2024-01-21-10-04-09_Enscape-Vue-3D-9.png\" alt=\"Leaders City III Enscape_2024-01-21-10-04-09_Enscape Vue 3D 9\" \/><\/figure><\/div><div class=\"swiper-slide\" role=\"group\" aria-roledescription=\"slide\" aria-label=\"9 sur 10\"><figure class=\"swiper-slide-inner\"><img decoding=\"async\" class=\"swiper-slide-image\" src=\"https:\/\/app.ekfgazconnect.com\/wp-content\/uploads\/2024\/06\/Leaders-City-III-Enscape_2024-01-21-10-26-53_Enscape-Vue-3D-8.png\" alt=\"Leaders City III Enscape_2024-01-21-10-26-53_Enscape Vue 3D 8\" \/><\/figure><\/div><div class=\"swiper-slide\" role=\"group\" aria-roledescription=\"slide\" aria-label=\"10 sur 10\"><figure class=\"swiper-slide-inner\"><img decoding=\"async\" class=\"swiper-slide-image\" src=\"https:\/\/app.ekfgazconnect.com\/wp-content\/uploads\/2024\/06\/Leaders-City-III-Enscape_2024-01-21-10-26-53_Enscape-Vue-3D-9.png\" alt=\"Leaders City III Enscape_2024-01-21-10-26-53_Enscape Vue 3D 9\" \/><\/figure><\/div>\t\t\t<\/div>\n\t\t\t\t\t\t\t\t\t\t\t\t<div class=\"elementor-swiper-button elementor-swiper-button-prev\" role=\"button\" tabindex=\"0\">\n\t\t\t\t\t\t<svg aria-hidden=\"true\" class=\"e-font-icon-svg e-eicon-chevron-left\" viewBox=\"0 0 1000 1000\" xmlns=\"http:\/\/www.w3.org\/2000\/svg\"><path d=\"M646 125C629 125 613 133 604 142L308 442C296 454 292 471 292 487 292 504 296 521 308 533L604 854C617 867 629 875 646 875 663 875 679 871 692 858 704 846 713 829 713 812 713 796 708 779 692 767L438 487 692 225C700 217 708 204 708 187 708 171 704 154 692 142 675 129 663 125 646 125Z\"><\/path><\/svg>\t\t\t\t\t<\/div>\n\t\t\t\t\t<div class=\"elementor-swiper-button elementor-swiper-button-next\" role=\"button\" tabindex=\"0\">\n\t\t\t\t\t\t<svg aria-hidden=\"true\" class=\"e-font-icon-svg e-eicon-chevron-right\" viewBox=\"0 0 1000 1000\" xmlns=\"http:\/\/www.w3.org\/2000\/svg\"><path d=\"M696 533C708 521 713 504 713 487 713 471 708 454 696 446L400 146C388 133 375 125 354 125 338 125 325 129 313 142 300 154 292 171 292 187 292 204 296 221 308 233L563 492 304 771C292 783 288 800 288 817 288 833 296 850 308 863 321 871 338 875 354 875 371 875 388 867 400 854L696 533Z\"><\/path><\/svg>\t\t\t\t\t<\/div>\n\t\t\t\t\n\t\t\t\t\t\t\t\t\t<div class=\"swiper-pagination\"><\/div>\n\t\t\t\t\t\t\t\t\t<\/div>\n\t\t\t\t<\/div>\n\t\t\t\t<\/div>\n\t\t\t\t\t<\/div>\n\t\t\t\t<\/div>\n\t\t\t\t<\/div>\n\t\t","protected":false},"excerpt":{"rendered":"<p>Informations Projet : Leaders City III Clients : Personnes physiques et morales Dur\u00e9e : 2 ans Localisation : Djorogobit\u00e9, Cocody, Abidjan, C\u00f4te d&#8217;Ivoire Offre : 10 villas duplex de haut standing Prix : 350 000 000 F CFA Pr\u00e9sentation du Projet Bas\u00e9 dans le quartier pris\u00e9 de Djorogobit\u00e9 \u00e0 Cocody, au c\u0153ur d&#8217;Abidjan, le projet&#8230;<\/p>\n","protected":false},"author":1,"featured_media":0,"parent":0,"menu_order":0,"comment_status":"closed","ping_status":"closed","template":"template-builder.php","meta":{"_monsterinsights_skip_tracking":false,"_monsterinsights_sitenote_active":false,"_monsterinsights_sitenote_note":"","_monsterinsights_sitenote_category":0,"footnotes":""},"class_list":["post-4932","page","type-page","status-publish","hentry"],"aioseo_notices":[],"_links":{"self":[{"href":"https:\/\/app.ekfgazconnect.com\/index.php\/wp-json\/wp\/v2\/pages\/4932","targetHints":{"allow":["GET"]}}],"collection":[{"href":"https:\/\/app.ekfgazconnect.com\/index.php\/wp-json\/wp\/v2\/pages"}],"about":[{"href":"https:\/\/app.ekfgazconnect.com\/index.php\/wp-json\/wp\/v2\/types\/page"}],"author":[{"embeddable":true,"href":"https:\/\/app.ekfgazconnect.com\/index.php\/wp-json\/wp\/v2\/users\/1"}],"replies":[{"embeddable":true,"href":"https:\/\/app.ekfgazconnect.com\/index.php\/wp-json\/wp\/v2\/comments?post=4932"}],"version-history":[{"count":172,"href":"https:\/\/app.ekfgazconnect.com\/index.php\/wp-json\/wp\/v2\/pages\/4932\/revisions"}],"predecessor-version":[{"id":7297,"href":"https:\/\/app.ekfgazconnect.com\/index.php\/wp-json\/wp\/v2\/pages\/4932\/revisions\/7297"}],"wp:attachment":[{"href":"https:\/\/app.ekfgazconnect.com\/index.php\/wp-json\/wp\/v2\/media?parent=4932"}],"curies":[{"name":"wp","href":"https:\/\/api.w.org\/{rel}","templated":true}]}}