{"id":4935,"date":"2024-05-09T22:11:25","date_gmt":"2024-05-09T22:11:25","guid":{"rendered":"https:\/\/app.fabety.com\/?page_id=4935"},"modified":"2024-09-15T00:33:10","modified_gmt":"2024-09-15T00:33:10","slug":"leaders-city-iv","status":"publish","type":"page","link":"https:\/\/app.ekfgazconnect.com\/index.php\/leaders-city-iv\/","title":{"rendered":"Leaders City IV"},"content":{"rendered":"\t\t<div data-elementor-type=\"wp-page\" data-elementor-id=\"4935\" class=\"elementor elementor-4935\">\n\t\t\t\t\t\t<section class=\"elementor-section elementor-top-section elementor-element elementor-element-a26cc3e elementor-section-full_width elementor-section-height-default elementor-section-height-default\" data-id=\"a26cc3e\" data-element_type=\"section\">\n\t\t\t\t\t\t<div class=\"elementor-container elementor-column-gap-no\">\n\t\t\t\t\t<div class=\"elementor-column elementor-col-100 elementor-top-column elementor-element elementor-element-1246374\" data-id=\"1246374\" data-element_type=\"column\">\n\t\t\t<div class=\"elementor-widget-wrap elementor-element-populated\">\n\t\t\t\t\t\t<section class=\"elementor-section elementor-inner-section elementor-element elementor-element-b1b5c4b elementor-section-boxed elementor-section-height-default elementor-section-height-default\" data-id=\"b1b5c4b\" data-element_type=\"section\">\n\t\t\t\t\t\t<div class=\"elementor-container elementor-column-gap-no\">\n\t\t\t\t\t<div class=\"elementor-column elementor-col-100 elementor-inner-column elementor-element elementor-element-df6b742\" data-id=\"df6b742\" data-element_type=\"column\">\n\t\t\t<div class=\"elementor-widget-wrap elementor-element-populated\">\n\t\t\t\t\r\n\t\t<div class=\"elementor-element elementor-element-72fae0d elementor-widget elementor-widget-text-editor\" data-id=\"72fae0d\" data-element_type=\"widget\" data-widget_type=\"text-editor.default\">\n\t\t\t\t<div class=\"elementor-widget-container\">\n\t\t\t<style>\/*! elementor - v3.21.0 - 30-04-2024 *\/\n.elementor-widget-text-editor.elementor-drop-cap-view-stacked .elementor-drop-cap{background-color:#69727d;color:#fff}.elementor-widget-text-editor.elementor-drop-cap-view-framed .elementor-drop-cap{color:#69727d;border:3px solid;background-color:transparent}.elementor-widget-text-editor:not(.elementor-drop-cap-view-default) .elementor-drop-cap{margin-top:8px}.elementor-widget-text-editor:not(.elementor-drop-cap-view-default) .elementor-drop-cap-letter{width:1em;height:1em}.elementor-widget-text-editor .elementor-drop-cap{float:left;text-align:center;line-height:1;font-size:50px}.elementor-widget-text-editor .elementor-drop-cap-letter{display:inline-block}<\/style>\t\t\t\t<div class=\"row gy-30\">\n<div class=\"col-lg-12\">\n<div class=\"page-img\"><img decoding=\"async\" class=\"w-100\" src=\"https:\/\/app.ekfgazconnect.com\/wp-content\/uploads\/2024\/05\/Leaders-City-I-Banner_1.jpg\" alt=\"Image\" \/><\/div>\n<\/div>\n<div class=\"col-lg-4 col-6\">\n<div class=\"page-img\"><img decoding=\"async\" class=\"w-100\" src=\"https:\/\/app.ekfgazconnect.com\/wp-content\/uploads\/2024\/09\/Leaders-City-IV-Villa-Duplex-5p1.png\" alt=\"Image\" \/><\/div>\n<\/div>\n<div class=\"col-lg-4 col-6\">\n<div class=\"page-img\"><img decoding=\"async\" class=\"w-100\" src=\"https:\/\/app.ekfgazconnect.com\/wp-content\/uploads\/2024\/09\/Leaders-City-IV-VIlla-Duplex-5P2.png\" alt=\"Image\" \/><\/div>\n<\/div>\n<div class=\"col-xxl-4 col-lg-4\"><aside class=\"sidebar-area\">\n<div class=\"widget widget_info style2 \">\n<h3 class=\"widget_title\">Informations<\/h3>\n<ul class=\"service-info-list border-0 p-0 m-0\">\n \t<li><strong>Projet :<\/strong> Leaders City IV<\/li>\n \t<li><strong>Clients :<\/strong> Ordre National des M\u00e9decins, Personnes physiques et Morales<\/li>\n \t<li><strong>Dur\u00e9e :<\/strong> 02 ans<\/li>\n \t<li><strong>Offres\u00a0 :<\/strong> 35 Villas Duplex<\/li>\n \t<li><strong>Location:<\/strong> Sebia-Yao, Bingerville, C\u00f4te d\u2019Ivoire<\/li>\n \t<li><strong>Prix :<\/strong> 95 000 000 F CFA<\/li>\n<\/ul>\n<\/div>\n<\/aside><\/div>\n<div class=\"col-xxl-12\">\n<div class=\"page-single\">\n<div class=\"page-content\">\n<h2 class=\"h3 page-title fw-semibold\">Pr\u00e9sentation du Projet<\/h2>\n<p class=\"mb-30\">Leaders City IV propose 35 villas duplex spacieuses comprenant 5 pi\u00e8ces chacune, situ\u00e9es \u00e0 Bingerville, S\u00e9bia Yao. Chaque villa est con\u00e7ue pour offrir un cadre de vie moderne et confortable, avec des espaces g\u00e9n\u00e9reux et des \u00e9quipements de qualit\u00e9. Id\u00e9alement situ\u00e9es, ces villas b\u00e9n\u00e9ficient d&#8217;un environnement calme et agr\u00e9able tout en \u00e9tant proches des commodit\u00e9s urbaines.<\/p>\n<p class=\"mb-n1\"><\/p>\n\n<\/div>\n<\/div>\n<\/div>\n<div class=\"col-xxl-12\">\n<div class=\"page-single\">\n<div class=\"page-content\">\n<h3 class=\"h4 page-title fw-semibold mb-0\">Condition de souscription<\/h3>\n<\/div>\n<\/div>\n<\/div>\n<div class=\"col-xl-4\">\n<div class=\"page-img\"><img decoding=\"async\" class=\"w-100\" src=\"https:\/\/app.ekfgazconnect.com\/wp-content\/uploads\/2024\/07\/Cislo-Conditions-de-Souscription.png\" alt=\"Image\" \/><\/div>\n<\/div>\n<div class=\"col-xl-8\">\n<div class=\"row gy-4\">\n<div class=\"col-md-6\">\n<div class=\"checklist style9\">\n<ul>\n \t<li>Frais de dossier : 500 000 F CFA non remboursable<\/li>\n \t<li>Apport initial : 30% du co\u00fbt de la maison<\/li>\n \t<li>Pi\u00e8ces \u00e0 fournir : 1 Photocopie de la pi\u00e8ce d\u2019identit\u00e9 + 2 photos d\u2019identit\u00e9<\/li>\n<\/ul>\n<\/div>\n<\/div>\n<div class=\"col-md-6\">\n<div class=\"checklist style9\">\n<ul>\n \t<li>Mode de paiement : A temp\u00e9rament, Comptant, Cr\u00e9dit<\/li>\n<\/ul>\n<\/div>\n<\/div>\n<\/div>\n<\/div>\n<div class=\"col-xxl-12\">\n<div class=\"page-single\">\n<div class=\"page-content\">\n<h3 class=\"h4 page-title fw-semibold mb-0\">Villa Duplex 5 Pi\u00e8ces<\/h3>\n<\/div>\n<\/div>\n<\/div>\n<div class=\"col-xl-4\">\n<div class=\"page-img\"><img decoding=\"async\" class=\"w-100\" src=\"https:\/\/app.ekfgazconnect.com\/wp-content\/uploads\/2024\/09\/Leaders-City-IV-Villa-Duplex-5p-391x331-1.png\" alt=\"Image\" \/><\/div>\n<\/div>\n<div class=\"col-xl-8\">\n<p class=\"mt-n1\">La villa duplex offre un espace g\u00e9n\u00e9reux sur une superficie totale de 275 m<sup>2<\/sup>, avec une superficie b\u00e2tie de 156,54 m<sup>2<\/sup>. Au rez-de-chauss\u00e9e, vous trouverez 82,94 m<sup>2<\/sup> d\u2019espace habitable, tandis que l\u2019\u00e9tage sup\u00e9rieur propose 74,05 m<sup>2<\/sup> suppl\u00e9mentaires. Cette disposition astucieuse assure une s\u00e9paration claire entre les espaces de vie et les chambres, cr\u00e9ant ainsi un environnement moderne et fonctionnel, id\u00e9al pour les familles ou ceux qui recherchent confort et intimit\u00e9.<\/p>\n\n<div class=\"row gy-4\">\n<div class=\"col-md-6\">\n<div class=\"checklist style9\">\n<ul>\n \t<li>Surface totale : <b>275\u00a0<\/b>m<sup>2<\/sup><\/li>\n \t<li>Surface b\u00e2tie : <b>156,54<\/b> m<sup>2<\/sup><\/li>\n \t<li>Prix : 95 000 000 F CFA<\/li>\n<\/ul>\n<\/div>\n<\/div>\n<div class=\"col-md-6\">\n<div class=\"checklist style9\">\n<ul>\n \t<li>Livr\u00e9 cl\u00e9 en main.<\/li>\n<\/ul>\n<\/div>\n<\/div>\n<\/div>\n<\/div>\n<div class=\"col-xxl-12\">\n<div class=\"page-single\">\n<div class=\"page-content\">\n<h3 class=\"h4 page-title fw-semibold mb-0\">Rez-de-chauss\u00e9e<\/h3>\n<\/div>\n<\/div>\n<\/div>\n<div class=\"col-xl-8\">\n<div class=\"page-img\"><img decoding=\"async\" class=\"w-100\" src=\"https:\/\/app.ekfgazconnect.com\/wp-content\/uploads\/2024\/06\/Leaders-City-IV-plan-2.png\" alt=\"Image\" \/><\/div>\n<\/div>\n<div class=\"col-xl-4\">\n<div class=\"checklist style9\">\n<ul>\n \t<li>S\u00e9jour + Salle \u00e0 manger de 39,50 m<sup>2<\/sup><\/li>\n \t<li>Chambre Visiteur (CHV) : 13,25 m<sup>2<\/sup><\/li>\n \t<li>Salle de bain (CHV) : 03,10 m<sup>2<\/sup><\/li>\n \t<li>Toilettes : 1,91 m<sup>2<\/sup><\/li>\n \t<li>Cuisine : 10 m<sup>2<\/sup><\/li>\n \t<li>Terrasse : 6,30 m<sup>2<\/sup><\/li>\n<\/ul>\n<\/div>\n<\/div>\n<div class=\"col-xl-4\">\n<div class=\"page-img\"><\/div>\n<\/div>\n<div class=\"col-xl-8\"><\/div>\n<div class=\"col-xxl-12\">\n<div class=\"page-single\">\n<div class=\"page-content\">\n<h3 class=\"h4 page-title fw-semibold mb-0\">\u00c9tage<\/h3>\n<\/div>\n<\/div>\n<\/div>\n<div class=\"col-xl-8\">\n<div class=\"page-img\"><img decoding=\"async\" class=\"w-100\" src=\"https:\/\/app.ekfgazconnect.com\/wp-content\/uploads\/2024\/06\/Leaders-City-IV-plan-1.png\" alt=\"Image\" \/><\/div>\n<\/div>\n<div class=\"col-xl-4\">\n<div class=\"checklist style9\">\n<ul>\n \t<li>Chambre principale (CP) : 18,50 m<sup>2<\/sup><\/li>\n \t<li>Salle de bain (CP) : 4,00 m<sup>2<\/sup><\/li>\n \t<li>Dressing (CP) : 4,85 m<sup>2<\/sup><\/li>\n \t<li>Chambre 02 (CH02) : 13,48 m<sup>2<\/sup><\/li>\n \t<li>Salle de bain (CH02) : 4,12 m<sup>2<\/sup><\/li>\n \t<li>Chambre 03 (CH03) : 15,05 m<sup>2<\/sup><\/li>\n \t<li>Salle de bain (CH03) : 4,85 m<sup>2<\/sup><\/li>\n \t<li>DEG : 4,16 m<sup>2<\/sup><\/li>\n \t<li>Balcon : 4,88 m<sup>2<\/sup><\/li>\n<\/ul>\n<\/div>\n<\/div>\n<div class=\"col-xl-4\">\n<div class=\"page-img\"><\/div>\n<\/div>\n<div class=\"col-xl-8\">\n<div class=\"row gy-4\">\n<div class=\"col-md-6\">\n<div class=\"checklist style9\"><\/div>\n<\/div>\n<div class=\"col-md-6\">\n<div class=\"checklist style9\"><\/div>\n<\/div>\n<\/div>\n<\/div>\n<\/div>\t\t\t\t\t\t<\/div>\n\t\t\t\t<\/div>\n\t\t\t\t\t<\/div>\n\t\t<\/div>\n\t\t\t\t\t<\/div>\n\t\t<\/section>\n\t\t\t\t\t<\/div>\n\t\t<\/div>\n\t\t\t\t\t<\/div>\n\t\t<\/section>\n\t\t<div class=\"elementor-element elementor-element-62f35bb e-flex e-con-boxed e-con e-parent\" data-id=\"62f35bb\" data-element_type=\"container\">\n\t\t\t\t\t<div class=\"e-con-inner\">\n\t\t\t\t<div class=\"elementor-element elementor-element-239bc37 elementor-arrows-position-inside elementor-pagination-position-outside elementor-widget elementor-widget-image-carousel\" data-id=\"239bc37\" data-element_type=\"widget\" data-settings=\"{&quot;slides_to_show&quot;:&quot;1&quot;,&quot;navigation&quot;:&quot;both&quot;,&quot;autoplay&quot;:&quot;yes&quot;,&quot;pause_on_hover&quot;:&quot;yes&quot;,&quot;pause_on_interaction&quot;:&quot;yes&quot;,&quot;autoplay_speed&quot;:5000,&quot;infinite&quot;:&quot;yes&quot;,&quot;effect&quot;:&quot;slide&quot;,&quot;speed&quot;:500}\" data-widget_type=\"image-carousel.default\">\n\t\t\t\t<div class=\"elementor-widget-container\">\n\t\t\t<style>\/*! elementor - v3.21.0 - 30-04-2024 *\/\n.elementor-widget-image-carousel .swiper,.elementor-widget-image-carousel .swiper-container{position:static}.elementor-widget-image-carousel .swiper-container .swiper-slide figure,.elementor-widget-image-carousel .swiper .swiper-slide figure{line-height:inherit}.elementor-widget-image-carousel .swiper-slide{text-align:center}.elementor-image-carousel-wrapper:not(.swiper-container-initialized):not(.swiper-initialized) .swiper-slide{max-width:calc(100% \/ var(--e-image-carousel-slides-to-show, 3))}<\/style>\t\t<div class=\"elementor-image-carousel-wrapper swiper\" dir=\"ltr\">\n\t\t\t<div class=\"elementor-image-carousel swiper-wrapper\" aria-live=\"off\">\n\t\t\t\t\t\t\t\t<div class=\"swiper-slide\" role=\"group\" aria-roledescription=\"slide\" aria-label=\"1 sur 6\"><figure class=\"swiper-slide-inner\"><img decoding=\"async\" class=\"swiper-slide-image\" src=\"https:\/\/app.ekfgazconnect.com\/wp-content\/uploads\/2024\/09\/Photo1.jpg\" alt=\"Photo1\" \/><\/figure><\/div><div class=\"swiper-slide\" role=\"group\" aria-roledescription=\"slide\" aria-label=\"2 sur 6\"><figure class=\"swiper-slide-inner\"><img decoding=\"async\" class=\"swiper-slide-image\" src=\"https:\/\/app.ekfgazconnect.com\/wp-content\/uploads\/2024\/09\/Photo2.jpg\" alt=\"Photo2\" \/><\/figure><\/div><div class=\"swiper-slide\" role=\"group\" aria-roledescription=\"slide\" aria-label=\"3 sur 6\"><figure class=\"swiper-slide-inner\"><img decoding=\"async\" class=\"swiper-slide-image\" src=\"https:\/\/app.ekfgazconnect.com\/wp-content\/uploads\/2024\/09\/Photo3.jpg\" alt=\"Photo3\" \/><\/figure><\/div><div class=\"swiper-slide\" role=\"group\" aria-roledescription=\"slide\" aria-label=\"4 sur 6\"><figure class=\"swiper-slide-inner\"><img decoding=\"async\" class=\"swiper-slide-image\" src=\"https:\/\/app.ekfgazconnect.com\/wp-content\/uploads\/2024\/09\/Photo4.jpg\" alt=\"Photo4\" \/><\/figure><\/div><div class=\"swiper-slide\" role=\"group\" aria-roledescription=\"slide\" aria-label=\"5 sur 6\"><figure class=\"swiper-slide-inner\"><img decoding=\"async\" class=\"swiper-slide-image\" src=\"https:\/\/app.ekfgazconnect.com\/wp-content\/uploads\/2024\/09\/Photo5.jpg\" alt=\"Photo5\" \/><\/figure><\/div><div class=\"swiper-slide\" role=\"group\" aria-roledescription=\"slide\" aria-label=\"6 sur 6\"><figure class=\"swiper-slide-inner\"><img decoding=\"async\" class=\"swiper-slide-image\" src=\"https:\/\/app.ekfgazconnect.com\/wp-content\/uploads\/2024\/09\/Photo8.jpg\" alt=\"Photo8\" \/><\/figure><\/div>\t\t\t<\/div>\n\t\t\t\t\t\t\t\t\t\t\t\t<div class=\"elementor-swiper-button elementor-swiper-button-prev\" role=\"button\" tabindex=\"0\">\n\t\t\t\t\t\t<svg aria-hidden=\"true\" class=\"e-font-icon-svg e-eicon-chevron-left\" viewBox=\"0 0 1000 1000\" xmlns=\"http:\/\/www.w3.org\/2000\/svg\"><path d=\"M646 125C629 125 613 133 604 142L308 442C296 454 292 471 292 487 292 504 296 521 308 533L604 854C617 867 629 875 646 875 663 875 679 871 692 858 704 846 713 829 713 812 713 796 708 779 692 767L438 487 692 225C700 217 708 204 708 187 708 171 704 154 692 142 675 129 663 125 646 125Z\"><\/path><\/svg>\t\t\t\t\t<\/div>\n\t\t\t\t\t<div class=\"elementor-swiper-button elementor-swiper-button-next\" role=\"button\" tabindex=\"0\">\n\t\t\t\t\t\t<svg aria-hidden=\"true\" class=\"e-font-icon-svg e-eicon-chevron-right\" viewBox=\"0 0 1000 1000\" xmlns=\"http:\/\/www.w3.org\/2000\/svg\"><path d=\"M696 533C708 521 713 504 713 487 713 471 708 454 696 446L400 146C388 133 375 125 354 125 338 125 325 129 313 142 300 154 292 171 292 187 292 204 296 221 308 233L563 492 304 771C292 783 288 800 288 817 288 833 296 850 308 863 321 871 338 875 354 875 371 875 388 867 400 854L696 533Z\"><\/path><\/svg>\t\t\t\t\t<\/div>\n\t\t\t\t\n\t\t\t\t\t\t\t\t\t<div class=\"swiper-pagination\"><\/div>\n\t\t\t\t\t\t\t\t\t<\/div>\n\t\t\t\t<\/div>\n\t\t\t\t<\/div>\n\t\t\t\t\t<\/div>\n\t\t\t\t<\/div>\n\t\t\t\t<\/div>\n\t\t","protected":false},"excerpt":{"rendered":"<p>Informations Projet : Leaders City IV Clients : Ordre National des M\u00e9decins, Personnes physiques et Morales Dur\u00e9e : 02 ans Offres\u00a0 : 35 Villas Duplex Location: Sebia-Yao, Bingerville, C\u00f4te d\u2019Ivoire Prix : 95 000 000 F CFA Pr\u00e9sentation du Projet Leaders City IV propose 35 villas duplex spacieuses comprenant 5 pi\u00e8ces chacune, situ\u00e9es \u00e0 Bingerville,&#8230;<\/p>\n","protected":false},"author":1,"featured_media":0,"parent":0,"menu_order":0,"comment_status":"closed","ping_status":"closed","template":"template-builder.php","meta":{"_monsterinsights_skip_tracking":false,"_monsterinsights_sitenote_active":false,"_monsterinsights_sitenote_note":"","_monsterinsights_sitenote_category":0,"footnotes":""},"class_list":["post-4935","page","type-page","status-publish","hentry"],"aioseo_notices":[],"_links":{"self":[{"href":"https:\/\/app.ekfgazconnect.com\/index.php\/wp-json\/wp\/v2\/pages\/4935","targetHints":{"allow":["GET"]}}],"collection":[{"href":"https:\/\/app.ekfgazconnect.com\/index.php\/wp-json\/wp\/v2\/pages"}],"about":[{"href":"https:\/\/app.ekfgazconnect.com\/index.php\/wp-json\/wp\/v2\/types\/page"}],"author":[{"embeddable":true,"href":"https:\/\/app.ekfgazconnect.com\/index.php\/wp-json\/wp\/v2\/users\/1"}],"replies":[{"embeddable":true,"href":"https:\/\/app.ekfgazconnect.com\/index.php\/wp-json\/wp\/v2\/comments?post=4935"}],"version-history":[{"count":182,"href":"https:\/\/app.ekfgazconnect.com\/index.php\/wp-json\/wp\/v2\/pages\/4935\/revisions"}],"predecessor-version":[{"id":7304,"href":"https:\/\/app.ekfgazconnect.com\/index.php\/wp-json\/wp\/v2\/pages\/4935\/revisions\/7304"}],"wp:attachment":[{"href":"https:\/\/app.ekfgazconnect.com\/index.php\/wp-json\/wp\/v2\/media?parent=4935"}],"curies":[{"name":"wp","href":"https:\/\/api.w.org\/{rel}","templated":true}]}}